{"id":31504,"date":"2025-11-06T11:53:48","date_gmt":"2025-11-06T11:53:48","guid":{"rendered":"https:\/\/cipele.ba\/shop\/uncategorized\/adidas-grand-court-platform-4\/"},"modified":"2026-04-18T18:04:04","modified_gmt":"2026-04-18T18:04:04","slug":"adidas-grand-court-platform-4","status":"publish","type":"product","link":"https:\/\/cipele.ba\/en\/shop\/zene\/zenske-patike\/adidas-grand-court-platform-4\/","title":{"rendered":"adidas Grand Court Platform"},"content":{"rendered":"<p><!--googleoff: all--> <\/p>\n<p> Ve\u017eite adidas Grand Court Platform \u017eenske lifestyle patike i prakti\u010dno \u0107ete osjetiti energiju teniskog me\u010da. <\/p>\n<p> Ukorjenjene su u sportskom stilu 70-ih, ali ne morate da budete na terenu da biste ih nosili. Pli\u0161ana Cloudfoam platforma podi\u017ee gornji\u0161te od \u010diste ko\u017ee na vi\u0161i nivo i pru\u017ea svaki korak u potpunoj, neospornoj udobnosti. <\/p>\n<p> Specifikacija: <\/p>\n<li> Plitak profil <\/li>\n<li> Pertlanje <\/li>\n<li> Gornji\u0161te od sinteti\u010dke ko\u017ee <\/li>\n<li> Tekstilna unutra\u0161njost <\/li>\n<li> Cloudfoam Memory gazi\u0161te <\/li>\n<li> Cloudfoam srednji \u0111on <\/li>\n<li> EVA platforma \u0111on <!--googleon: all--> <\/li>","protected":false},"excerpt":{"rendered":"<p>Ve\u017eite adidas Grand Court Platform \u017eenske lifestyle patike i prakti\u010dno \u0107ete osjetiti energiju teniskog me\u010da. Ukorjenjene su u sportskom stilu 70-ih, ali ne morate da budete na terenu da biste ih nosili. Pli\u0161ana Cloudfoam platforma podi\u017ee gornji\u0161te od \u010diste ko\u017ee na vi\u0161i nivo i pru\u017ea svaki korak u potpunoj, neospornoj udobnosti. Specifikacija: Plitak profil Pertlanje [&hellip;]<\/p>","protected":false},"featured_media":31501,"template":"","meta":{"jetpack_post_was_ever_published":false},"product_brand":[111],"product_cat":[63],"product_tag":[],"class_list":{"0":"post-31504","1":"product","2":"type-product","3":"status-publish","4":"has-post-thumbnail","6":"product_brand-sport_reality","7":"product_cat-zenske-patike","9":"first","10":"instock","11":"sale","12":"shipping-taxable","13":"product-type-external"},"jetpack-related-posts":[],"jetpack_sharing_enabled":true,"_links":{"self":[{"href":"https:\/\/cipele.ba\/en\/wp-json\/wp\/v2\/product\/31504","targetHints":{"allow":["GET"]}}],"collection":[{"href":"https:\/\/cipele.ba\/en\/wp-json\/wp\/v2\/product"}],"about":[{"href":"https:\/\/cipele.ba\/en\/wp-json\/wp\/v2\/types\/product"}],"wp:featuredmedia":[{"embeddable":true,"href":"https:\/\/cipele.ba\/en\/wp-json\/wp\/v2\/media\/31501"}],"wp:attachment":[{"href":"https:\/\/cipele.ba\/en\/wp-json\/wp\/v2\/media?parent=31504"}],"wp:term":[{"taxonomy":"product_brand","embeddable":true,"href":"https:\/\/cipele.ba\/en\/wp-json\/wp\/v2\/product_brand?post=31504"},{"taxonomy":"product_cat","embeddable":true,"href":"https:\/\/cipele.ba\/en\/wp-json\/wp\/v2\/product_cat?post=31504"},{"taxonomy":"product_tag","embeddable":true,"href":"https:\/\/cipele.ba\/en\/wp-json\/wp\/v2\/product_tag?post=31504"}],"curies":[{"name":"wp","href":"https:\/\/api.w.org\/{rel}","templated":true}]}}