{"id":31511,"date":"2025-11-06T11:53:52","date_gmt":"2025-11-06T11:53:52","guid":{"rendered":"https:\/\/cipele.ba\/shop\/uncategorized\/skechers-graceful-2\/"},"modified":"2026-04-19T18:53:24","modified_gmt":"2026-04-19T18:53:24","slug":"skechers-graceful-2","status":"publish","type":"product","link":"https:\/\/cipele.ba\/en\/shop\/zene\/zenske-patike\/skechers-graceful-2\/","title":{"rendered":"Skechers Graceful"},"content":{"rendered":"<p><!--googleoff: all--> <\/p>\n<p>Skechers GRACEFUL \u00a0su \u017eenske, lifestyle patike za maksimalnu udobnost tokom \u010ditavog dana.<br \/>Moderan dizajn sa Skechers logotipom isti\u010de va\u0161 sportsko-elegantan izgled. Gornji\u0161te je izra\u0111eno od tekstilnog materijala i time doprinosi prozra\u010dnosti modela. Gumeni \u0111on veoma dobro prianja uz razli\u010dite podloge i obezbje\u0111uje izdr\u017eljivost prilikom intenzivnijih aktivnosti. Skechers model patika vam donosi pravi sportski stil, na \u017eenstveni na\u010din. Namijenjene su za u\u017eivanje u vedrim i suvim vremenskim uslovima.<br \/>Specifikacija:<\/p>\n<li> \u017denske patike <\/li>\n<li> Plitak profil <\/li>\n<li> Pertlanje <\/li>\n<li> Skechers logotip <\/li>\n<li> Gumeni \u0111on <\/li>\n<li> Ma\u0161insko odr\u017eavanje <!--googleon: all--> <\/li>","protected":false},"excerpt":{"rendered":"<p>Skechers GRACEFUL \u00a0su \u017eenske, lifestyle patike za maksimalnu udobnost tokom \u010ditavog dana.Moderan dizajn sa Skechers logotipom isti\u010de va\u0161 sportsko-elegantan izgled. Gornji\u0161te je izra\u0111eno od tekstilnog materijala i time doprinosi prozra\u010dnosti modela. Gumeni \u0111on veoma dobro prianja uz razli\u010dite podloge i obezbje\u0111uje izdr\u017eljivost prilikom intenzivnijih aktivnosti. Skechers model patika vam donosi pravi sportski stil, na \u017eenstveni [&hellip;]<\/p>","protected":false},"featured_media":31508,"template":"","meta":{"jetpack_post_was_ever_published":false},"product_brand":[111],"product_cat":[63],"product_tag":[],"class_list":{"0":"post-31511","1":"product","2":"type-product","3":"status-publish","4":"has-post-thumbnail","6":"product_brand-sport_reality","7":"product_cat-zenske-patike","9":"first","10":"instock","11":"sale","12":"shipping-taxable","13":"product-type-external"},"jetpack-related-posts":[],"jetpack_sharing_enabled":true,"_links":{"self":[{"href":"https:\/\/cipele.ba\/en\/wp-json\/wp\/v2\/product\/31511","targetHints":{"allow":["GET"]}}],"collection":[{"href":"https:\/\/cipele.ba\/en\/wp-json\/wp\/v2\/product"}],"about":[{"href":"https:\/\/cipele.ba\/en\/wp-json\/wp\/v2\/types\/product"}],"wp:featuredmedia":[{"embeddable":true,"href":"https:\/\/cipele.ba\/en\/wp-json\/wp\/v2\/media\/31508"}],"wp:attachment":[{"href":"https:\/\/cipele.ba\/en\/wp-json\/wp\/v2\/media?parent=31511"}],"wp:term":[{"taxonomy":"product_brand","embeddable":true,"href":"https:\/\/cipele.ba\/en\/wp-json\/wp\/v2\/product_brand?post=31511"},{"taxonomy":"product_cat","embeddable":true,"href":"https:\/\/cipele.ba\/en\/wp-json\/wp\/v2\/product_cat?post=31511"},{"taxonomy":"product_tag","embeddable":true,"href":"https:\/\/cipele.ba\/en\/wp-json\/wp\/v2\/product_tag?post=31511"}],"curies":[{"name":"wp","href":"https:\/\/api.w.org\/{rel}","templated":true}]}}