{"id":31514,"date":"2025-11-06T11:53:55","date_gmt":"2025-11-06T11:53:55","guid":{"rendered":"https:\/\/cipele.ba\/shop\/uncategorized\/skechers-bobs-squad-chaos\/"},"modified":"2026-04-19T17:03:38","modified_gmt":"2026-04-19T17:03:38","slug":"skechers-bobs-squad-chaos","status":"publish","type":"product","link":"https:\/\/cipele.ba\/en\/shop\/zene\/zenske-patike\/skechers-bobs-squad-chaos\/","title":{"rendered":"Skechers BOBS SQUAD CHAOS"},"content":{"rendered":"<p><!--googleoff: all--> <\/p>\n<\/p>\n<p> Ne morate da pravite razliku izme\u0111u patika za \u0161etnju i onih u kojima tr\u010dite kada imate SKECHERS BOBS SQUAD CHAOS \u017eenske lifestyle patike. <\/p>\n<p> Mre\u017easti gornji dio ostavlja stopala suvim i hladnim dok obavljate dnevne aktivnosti ili u\u017eivate u outdoor rutini. Jednobojne, svedenih linija dizajna, idealan su par sportske obu\u0107e za svaki dan. Monohromatska estetika se odli\u010dno uklapa u sve modne kombinacije, podr\u017eavaju\u0107i va\u0161 atletski stil. Memory Foam\u00ae ulo\u017eak pru\u017ea udobnost uvijek i svuda. <\/p>\n<p> Specifikacija: <\/p>\n<li> \u017denske lifestyle patike <\/li>\n<li> Plitak profil <\/li>\n<li> Pertlanje <\/li>\n<li> Memory Foam\u00ae ulo\u017eak <\/li>\n<li> Sastav gornji\u0161ta: mesh <\/li>\n<li> Gumeni \u0111on <!--googleon: all--> <\/li>","protected":false},"excerpt":{"rendered":"<p>Ne morate da pravite razliku izme\u0111u patika za \u0161etnju i onih u kojima tr\u010dite kada imate SKECHERS BOBS SQUAD CHAOS \u017eenske lifestyle patike. Mre\u017easti gornji dio ostavlja stopala suvim i hladnim dok obavljate dnevne aktivnosti ili u\u017eivate u outdoor rutini. Jednobojne, svedenih linija dizajna, idealan su par sportske obu\u0107e za svaki dan. Monohromatska estetika se [&hellip;]<\/p>","protected":false},"featured_media":31512,"template":"","meta":{"jetpack_post_was_ever_published":false},"product_brand":[111],"product_cat":[63],"product_tag":[],"class_list":{"0":"post-31514","1":"product","2":"type-product","3":"status-publish","4":"has-post-thumbnail","6":"product_brand-sport_reality","7":"product_cat-zenske-patike","9":"first","10":"instock","11":"shipping-taxable","12":"product-type-external"},"jetpack-related-posts":[],"jetpack_sharing_enabled":true,"_links":{"self":[{"href":"https:\/\/cipele.ba\/en\/wp-json\/wp\/v2\/product\/31514","targetHints":{"allow":["GET"]}}],"collection":[{"href":"https:\/\/cipele.ba\/en\/wp-json\/wp\/v2\/product"}],"about":[{"href":"https:\/\/cipele.ba\/en\/wp-json\/wp\/v2\/types\/product"}],"wp:featuredmedia":[{"embeddable":true,"href":"https:\/\/cipele.ba\/en\/wp-json\/wp\/v2\/media\/31512"}],"wp:attachment":[{"href":"https:\/\/cipele.ba\/en\/wp-json\/wp\/v2\/media?parent=31514"}],"wp:term":[{"taxonomy":"product_brand","embeddable":true,"href":"https:\/\/cipele.ba\/en\/wp-json\/wp\/v2\/product_brand?post=31514"},{"taxonomy":"product_cat","embeddable":true,"href":"https:\/\/cipele.ba\/en\/wp-json\/wp\/v2\/product_cat?post=31514"},{"taxonomy":"product_tag","embeddable":true,"href":"https:\/\/cipele.ba\/en\/wp-json\/wp\/v2\/product_tag?post=31514"}],"curies":[{"name":"wp","href":"https:\/\/api.w.org\/{rel}","templated":true}]}}