{"id":31517,"date":"2025-11-06T11:53:56","date_gmt":"2025-11-06T11:53:56","guid":{"rendered":"https:\/\/cipele.ba\/shop\/uncategorized\/puma-carina-street-mid\/"},"modified":"2026-04-19T22:41:01","modified_gmt":"2026-04-19T22:41:01","slug":"puma-carina-street-mid","status":"publish","type":"product","link":"https:\/\/cipele.ba\/en\/shop\/zene\/zenske-patike\/puma-carina-street-mid\/","title":{"rendered":"Puma Carina Street Mid"},"content":{"rendered":"<p><!--googleoff: all--> <\/p>\n<p> Puma Carina Street Mid \u017eenske lifestyle patike crpe inspiraciju iz stilova 80-ih godina, interpretiranih tako da odgovaraju dana\u0161njem opu\u0161tenom izgledu patika u Kalifornijskim gradovima na pla\u017ei. <\/p>\n<p> Gornji\u0161te od antilop ko\u017ee je nagla\u0161eno perforacijom i Puma logotipom. Blago povi\u0161en \u0111on sa teksturom u predjelu prstiju i pete isti\u010de ovaj model dok \u010di\u010dak traka daje notu klasike. <\/p>\n<p> Specifikacija: <\/p>\n<li> Poludubok profil <\/li>\n<li> Pertlanje i \u010di\u010dak traka <\/li>\n<li> Gornji\u0161te od antilopa <\/li>\n<li> SOFTFOAM+ gazi\u0161te <\/li>\n<li> Gumeni platforma \u0111on <!--googleon: all--> <\/li>","protected":false},"excerpt":{"rendered":"<p>Puma Carina Street Mid \u017eenske lifestyle patike crpe inspiraciju iz stilova 80-ih godina, interpretiranih tako da odgovaraju dana\u0161njem opu\u0161tenom izgledu patika u Kalifornijskim gradovima na pla\u017ei. Gornji\u0161te od antilop ko\u017ee je nagla\u0161eno perforacijom i Puma logotipom. Blago povi\u0161en \u0111on sa teksturom u predjelu prstiju i pete isti\u010de ovaj model dok \u010di\u010dak traka daje notu klasike. [&hellip;]<\/p>","protected":false},"featured_media":31515,"template":"","meta":{"jetpack_post_was_ever_published":false},"product_brand":[111],"product_cat":[63],"product_tag":[],"class_list":{"0":"post-31517","1":"product","2":"type-product","3":"status-publish","4":"has-post-thumbnail","6":"product_brand-sport_reality","7":"product_cat-zenske-patike","9":"first","10":"instock","11":"sale","12":"shipping-taxable","13":"product-type-external"},"jetpack-related-posts":[],"jetpack_sharing_enabled":true,"_links":{"self":[{"href":"https:\/\/cipele.ba\/en\/wp-json\/wp\/v2\/product\/31517","targetHints":{"allow":["GET"]}}],"collection":[{"href":"https:\/\/cipele.ba\/en\/wp-json\/wp\/v2\/product"}],"about":[{"href":"https:\/\/cipele.ba\/en\/wp-json\/wp\/v2\/types\/product"}],"wp:featuredmedia":[{"embeddable":true,"href":"https:\/\/cipele.ba\/en\/wp-json\/wp\/v2\/media\/31515"}],"wp:attachment":[{"href":"https:\/\/cipele.ba\/en\/wp-json\/wp\/v2\/media?parent=31517"}],"wp:term":[{"taxonomy":"product_brand","embeddable":true,"href":"https:\/\/cipele.ba\/en\/wp-json\/wp\/v2\/product_brand?post=31517"},{"taxonomy":"product_cat","embeddable":true,"href":"https:\/\/cipele.ba\/en\/wp-json\/wp\/v2\/product_cat?post=31517"},{"taxonomy":"product_tag","embeddable":true,"href":"https:\/\/cipele.ba\/en\/wp-json\/wp\/v2\/product_tag?post=31517"}],"curies":[{"name":"wp","href":"https:\/\/api.w.org\/{rel}","templated":true}]}}