{"id":31521,"date":"2025-11-06T11:53:59","date_gmt":"2025-11-06T11:53:59","guid":{"rendered":"https:\/\/cipele.ba\/shop\/uncategorized\/puma-karmen-rebelle\/"},"modified":"2026-04-19T08:26:25","modified_gmt":"2026-04-19T08:26:25","slug":"puma-karmen-rebelle","status":"publish","type":"product","link":"https:\/\/cipele.ba\/en\/shop\/zene\/zenske-patike\/puma-karmen-rebelle\/","title":{"rendered":"Puma Karmen Rebelle"},"content":{"rendered":"<p><!--googleoff: all--> <\/p>\n<p>PUMA KARMEN REBELLE su \u017eenske lifestyle patike koje spajaju klasiku i moderne detalje. <\/p>\n<p> Iza\u0111ite iz stereotipa svakodnevice i pogledajte svijet oko sebe iz vi\u0161e perspektive u ovim patikama sa platformom. Napravlljene su od ko\u017ee \u0161to pove\u0107ava njihovu izdr\u017eljivost, a tu su i perforacije na prednjem dijelu koje obezbje\u0111uju dobru prozra\u010dnost. Patike su dubokog profila sa klasi\u010dnim pertlanjem i jezi\u010dkom za jezik \u0161to olak\u0161ava obuvanje i izuvanje. PUMA logo jasno isti\u010de va\u0161 sportski stil i koji vam je omiljeni brend. Gumeni \u0111on obezbje\u0111uje odli\u010dno prianjanje, daje sigurnost va\u0161em koraku i produ\u017eava vijek trajanja ovih patika. Ove vanvremenske patike lako \u0107ete uklopiti sa ostatkom garderobe, tako da va\u0161 sportsko-elegantni stil ne\u0107e do\u0107i u pitanje.<\/p>\n<p> Specifikacija: <\/p>\n<li> \u017denske lifestyle patike<\/li>\n<li>Platforma <\/li>\n<li>Klasi\u010dno pertlanje<\/li>\n<li>PUMA logo<\/li>\n<li>Duboki profil<\/li>\n<li>Gumeni \u0111on <!--googleon: all--> <\/li>","protected":false},"excerpt":{"rendered":"<p>PUMA KARMEN REBELLE su \u017eenske lifestyle patike koje spajaju klasiku i moderne detalje. Iza\u0111ite iz stereotipa svakodnevice i pogledajte svijet oko sebe iz vi\u0161e perspektive u ovim patikama sa platformom. Napravlljene su od ko\u017ee \u0161to pove\u0107ava njihovu izdr\u017eljivost, a tu su i perforacije na prednjem dijelu koje obezbje\u0111uju dobru prozra\u010dnost. Patike su dubokog profila sa [&hellip;]<\/p>","protected":false},"featured_media":31518,"template":"","meta":{"jetpack_post_was_ever_published":false},"product_brand":[111],"product_cat":[63],"product_tag":[],"class_list":{"0":"post-31521","1":"product","2":"type-product","3":"status-publish","4":"has-post-thumbnail","6":"product_brand-sport_reality","7":"product_cat-zenske-patike","9":"first","10":"instock","11":"shipping-taxable","12":"product-type-external"},"jetpack-related-posts":[],"jetpack_sharing_enabled":true,"_links":{"self":[{"href":"https:\/\/cipele.ba\/en\/wp-json\/wp\/v2\/product\/31521","targetHints":{"allow":["GET"]}}],"collection":[{"href":"https:\/\/cipele.ba\/en\/wp-json\/wp\/v2\/product"}],"about":[{"href":"https:\/\/cipele.ba\/en\/wp-json\/wp\/v2\/types\/product"}],"wp:featuredmedia":[{"embeddable":true,"href":"https:\/\/cipele.ba\/en\/wp-json\/wp\/v2\/media\/31518"}],"wp:attachment":[{"href":"https:\/\/cipele.ba\/en\/wp-json\/wp\/v2\/media?parent=31521"}],"wp:term":[{"taxonomy":"product_brand","embeddable":true,"href":"https:\/\/cipele.ba\/en\/wp-json\/wp\/v2\/product_brand?post=31521"},{"taxonomy":"product_cat","embeddable":true,"href":"https:\/\/cipele.ba\/en\/wp-json\/wp\/v2\/product_cat?post=31521"},{"taxonomy":"product_tag","embeddable":true,"href":"https:\/\/cipele.ba\/en\/wp-json\/wp\/v2\/product_tag?post=31521"}],"curies":[{"name":"wp","href":"https:\/\/api.w.org\/{rel}","templated":true}]}}