{"id":31522,"date":"2025-11-06T11:54:00","date_gmt":"2025-11-06T11:54:00","guid":{"rendered":"https:\/\/cipele.ba\/shop\/uncategorized\/skechers-bobs-squad-chaos-2\/"},"modified":"2026-04-20T04:47:27","modified_gmt":"2026-04-20T04:47:27","slug":"skechers-bobs-squad-chaos-2","status":"publish","type":"product","link":"https:\/\/cipele.ba\/en\/shop\/zene\/zenske-patike\/skechers-bobs-squad-chaos-2\/","title":{"rendered":"Skechers BOBS SQUAD CHAOS"},"content":{"rendered":"<p><!--googleoff: all--> <\/p>\n<p>Elegantne, udobne i pouzdane \u2013 savr\u0161en spoj stila i funkcionalnosti za svakodnevno no\u0161enje.<br \/>Detalji:<\/p>\n<li> Deblji \u0111on pru\u017ea dodatnu amortizaciju i podr\u0161ku pri svakom koraku.<\/li>\n<li> Udoban unutra\u0161nji sloj omogu\u0107ava dugotrajno no\u0161enje bez osje\u0107aja umora.<\/li>\n<li> Klasi\u010dan dizajn lako se kombinuje uz razli\u010dite outfite \u2013 od sportskih do casual kombinacija. <!--googleon: all--> <\/li>","protected":false},"excerpt":{"rendered":"<p>Elegantne, udobne i pouzdane \u2013 savr\u0161en spoj stila i funkcionalnosti za svakodnevno no\u0161enje.Detalji: Deblji \u0111on pru\u017ea dodatnu amortizaciju i podr\u0161ku pri svakom koraku. Udoban unutra\u0161nji sloj omogu\u0107ava dugotrajno no\u0161enje bez osje\u0107aja umora. Klasi\u010dan dizajn lako se kombinuje uz razli\u010dite outfite \u2013 od sportskih do casual kombinacija.<\/p>","protected":false},"featured_media":31520,"template":"","meta":{"jetpack_post_was_ever_published":false},"product_brand":[111],"product_cat":[63],"product_tag":[],"class_list":{"0":"post-31522","1":"product","2":"type-product","3":"status-publish","4":"has-post-thumbnail","6":"product_brand-sport_reality","7":"product_cat-zenske-patike","9":"first","10":"instock","11":"sale","12":"shipping-taxable","13":"product-type-external"},"jetpack-related-posts":[],"jetpack_sharing_enabled":true,"_links":{"self":[{"href":"https:\/\/cipele.ba\/en\/wp-json\/wp\/v2\/product\/31522","targetHints":{"allow":["GET"]}}],"collection":[{"href":"https:\/\/cipele.ba\/en\/wp-json\/wp\/v2\/product"}],"about":[{"href":"https:\/\/cipele.ba\/en\/wp-json\/wp\/v2\/types\/product"}],"wp:featuredmedia":[{"embeddable":true,"href":"https:\/\/cipele.ba\/en\/wp-json\/wp\/v2\/media\/31520"}],"wp:attachment":[{"href":"https:\/\/cipele.ba\/en\/wp-json\/wp\/v2\/media?parent=31522"}],"wp:term":[{"taxonomy":"product_brand","embeddable":true,"href":"https:\/\/cipele.ba\/en\/wp-json\/wp\/v2\/product_brand?post=31522"},{"taxonomy":"product_cat","embeddable":true,"href":"https:\/\/cipele.ba\/en\/wp-json\/wp\/v2\/product_cat?post=31522"},{"taxonomy":"product_tag","embeddable":true,"href":"https:\/\/cipele.ba\/en\/wp-json\/wp\/v2\/product_tag?post=31522"}],"curies":[{"name":"wp","href":"https:\/\/api.w.org\/{rel}","templated":true}]}}