{"id":31529,"date":"2025-11-06T11:54:04","date_gmt":"2025-11-06T11:54:04","guid":{"rendered":"https:\/\/cipele.ba\/shop\/uncategorized\/skechers-gusto-3\/"},"modified":"2026-04-18T19:56:24","modified_gmt":"2026-04-18T19:56:24","slug":"skechers-gusto-3","status":"publish","type":"product","link":"https:\/\/cipele.ba\/en\/shop\/zene\/zenske-patike\/skechers-gusto-3\/","title":{"rendered":"Skechers Gusto"},"content":{"rendered":"<p><!--googleoff: all--> <\/p>\n<p> Skechers Gusto \u017eenske patike su dizajnirane za udobnost i stil, i sastoje se od gornji\u0161ta koje di\u0161e, unutra\u0161njeg \u0111ona s jastu\u010di\u0107ima, i laganog spoljnog \u0111ona za osje\u0107aj lako\u0107e pri svakodnevnom no\u0161enju. <\/p>\n<\/p>\n<p> <b> Detalji: <\/b> <\/p>\n<li> Gornji\u0161te od mre\u017easte tkanine koje di\u0161e, za bolji protok vazduha i udobnost <\/li>\n<li> Amortizuju\u0107i unutra\u0161nji \u0111on za dodatnu potporu pri no\u0161enju <\/li>\n<li> Lagani i fleksibilni spoljni \u0111on za prirodno kretanje <\/li>\n<li> Dizajn s pertlanjem za \u010dvrsto prianjanje <!--googleon: all--> <\/li>","protected":false},"excerpt":{"rendered":"<p>Skechers Gusto \u017eenske patike su dizajnirane za udobnost i stil, i sastoje se od gornji\u0161ta koje di\u0161e, unutra\u0161njeg \u0111ona s jastu\u010di\u0107ima, i laganog spoljnog \u0111ona za osje\u0107aj lako\u0107e pri svakodnevnom no\u0161enju. Detalji: Gornji\u0161te od mre\u017easte tkanine koje di\u0161e, za bolji protok vazduha i udobnost Amortizuju\u0107i unutra\u0161nji \u0111on za dodatnu potporu pri no\u0161enju Lagani i fleksibilni [&hellip;]<\/p>","protected":false},"featured_media":31526,"template":"","meta":{"jetpack_post_was_ever_published":false},"product_brand":[111],"product_cat":[63],"product_tag":[],"class_list":{"0":"post-31529","1":"product","2":"type-product","3":"status-publish","4":"has-post-thumbnail","6":"product_brand-sport_reality","7":"product_cat-zenske-patike","9":"first","10":"instock","11":"sale","12":"shipping-taxable","13":"product-type-external"},"jetpack-related-posts":[],"jetpack_sharing_enabled":true,"_links":{"self":[{"href":"https:\/\/cipele.ba\/en\/wp-json\/wp\/v2\/product\/31529","targetHints":{"allow":["GET"]}}],"collection":[{"href":"https:\/\/cipele.ba\/en\/wp-json\/wp\/v2\/product"}],"about":[{"href":"https:\/\/cipele.ba\/en\/wp-json\/wp\/v2\/types\/product"}],"wp:featuredmedia":[{"embeddable":true,"href":"https:\/\/cipele.ba\/en\/wp-json\/wp\/v2\/media\/31526"}],"wp:attachment":[{"href":"https:\/\/cipele.ba\/en\/wp-json\/wp\/v2\/media?parent=31529"}],"wp:term":[{"taxonomy":"product_brand","embeddable":true,"href":"https:\/\/cipele.ba\/en\/wp-json\/wp\/v2\/product_brand?post=31529"},{"taxonomy":"product_cat","embeddable":true,"href":"https:\/\/cipele.ba\/en\/wp-json\/wp\/v2\/product_cat?post=31529"},{"taxonomy":"product_tag","embeddable":true,"href":"https:\/\/cipele.ba\/en\/wp-json\/wp\/v2\/product_tag?post=31529"}],"curies":[{"name":"wp","href":"https:\/\/api.w.org\/{rel}","templated":true}]}}