{"id":31535,"date":"2025-11-06T11:54:09","date_gmt":"2025-11-06T11:54:09","guid":{"rendered":"https:\/\/cipele.ba\/shop\/uncategorized\/nike-court-vision-alta\/"},"modified":"2026-04-19T05:12:06","modified_gmt":"2026-04-19T05:12:06","slug":"nike-court-vision-alta","status":"publish","type":"product","link":"https:\/\/cipele.ba\/en\/shop\/zene\/zenske-patike\/nike-court-vision-alta\/","title":{"rendered":"Nike Court Vision Alta"},"content":{"rendered":"<p><!--googleoff: all--> <\/p>\n<p>Nike Court Vision Alta su \u017eenske lifestyle patike kultnog dizajna sa modernim zaokretom.<\/p>\n<p> Ove patike di\u017eu ljestvicu kvaliteta i modernog dizajna na vi\u0161i nivo. Gornji\u0161te od ko\u017ee pru\u017ea udobnost i daje izdr\u017eljivost, dok perforacije nad prstima donose dobru prozra\u010dnost i time zadr\u017eavaju svje\u017einu va\u0161ih stopala. Podignuti me\u0111u\u0111on od pjene daje savr\u0161enu udobnost i lako\u0107u kretanja. Ultra oja\u010dan jezik je izuzetno mekan i odli\u010dno prianja, a jedinstvena geometrija pete pru\u017ea moderan izgled i komfor. Gumeni \u0111on pored odli\u010dnog prianjanja, osigurava i dugotrajnost ovih patika. Zapertlajte ove moderne patike, suptilnog sportskog stila, savr\u0161ene za kombinovanje uz svaki autfit i krenite u susret novom danu.<\/p>\n<p> Specifikacija: <\/p>\n<li> \u017denske lifestyle patike<\/li>\n<li>Gornji\u0161te od ko\u017ee<\/li>\n<li>Pertlanje<\/li>\n<li>Plitak profil<\/li>\n<li>Perforacije<\/li>\n<li>Podignuti srednji \u0111on<\/li>\n<li>Ultra oja\u010dan jezik<\/li>\n<li>Nike logo<\/li>\n<li>oGumeni \u0111on <!--googleon: all--> <\/li>","protected":false},"excerpt":{"rendered":"<p>Nike Court Vision Alta su \u017eenske lifestyle patike kultnog dizajna sa modernim zaokretom. Ove patike di\u017eu ljestvicu kvaliteta i modernog dizajna na vi\u0161i nivo. Gornji\u0161te od ko\u017ee pru\u017ea udobnost i daje izdr\u017eljivost, dok perforacije nad prstima donose dobru prozra\u010dnost i time zadr\u017eavaju svje\u017einu va\u0161ih stopala. Podignuti me\u0111u\u0111on od pjene daje savr\u0161enu udobnost i lako\u0107u kretanja. [&hellip;]<\/p>","protected":false},"featured_media":31533,"template":"","meta":{"jetpack_post_was_ever_published":false},"product_brand":[111],"product_cat":[63],"product_tag":[],"class_list":{"0":"post-31535","1":"product","2":"type-product","3":"status-publish","4":"has-post-thumbnail","6":"product_brand-sport_reality","7":"product_cat-zenske-patike","9":"first","10":"instock","11":"shipping-taxable","12":"product-type-external"},"jetpack-related-posts":[],"jetpack_sharing_enabled":true,"_links":{"self":[{"href":"https:\/\/cipele.ba\/en\/wp-json\/wp\/v2\/product\/31535","targetHints":{"allow":["GET"]}}],"collection":[{"href":"https:\/\/cipele.ba\/en\/wp-json\/wp\/v2\/product"}],"about":[{"href":"https:\/\/cipele.ba\/en\/wp-json\/wp\/v2\/types\/product"}],"wp:featuredmedia":[{"embeddable":true,"href":"https:\/\/cipele.ba\/en\/wp-json\/wp\/v2\/media\/31533"}],"wp:attachment":[{"href":"https:\/\/cipele.ba\/en\/wp-json\/wp\/v2\/media?parent=31535"}],"wp:term":[{"taxonomy":"product_brand","embeddable":true,"href":"https:\/\/cipele.ba\/en\/wp-json\/wp\/v2\/product_brand?post=31535"},{"taxonomy":"product_cat","embeddable":true,"href":"https:\/\/cipele.ba\/en\/wp-json\/wp\/v2\/product_cat?post=31535"},{"taxonomy":"product_tag","embeddable":true,"href":"https:\/\/cipele.ba\/en\/wp-json\/wp\/v2\/product_tag?post=31535"}],"curies":[{"name":"wp","href":"https:\/\/api.w.org\/{rel}","templated":true}]}}