{"id":31550,"date":"2025-11-06T11:54:18","date_gmt":"2025-11-06T11:54:18","guid":{"rendered":"https:\/\/cipele.ba\/shop\/uncategorized\/adidas-park-st\/"},"modified":"2026-04-18T15:38:26","modified_gmt":"2026-04-18T15:38:26","slug":"adidas-park-st","status":"publish","type":"product","link":"https:\/\/cipele.ba\/en\/shop\/zene\/zenske-patike\/adidas-park-st\/","title":{"rendered":"adidas PARK ST"},"content":{"rendered":"<p><!--googleoff: all--> <\/p>\n<p> adidas PARK ST su savr\u0161eno izbalansirane lifestyle patike koje \u0107e vam pru\u017eiti maksimalnu podr\u0161ku u svakom danu. <\/p>\n<p> Kada su va\u0161e patike kultne, i va\u0161i pokreti su. Kombinuju meke boje i \u010diste linije za savr\u0161en izgled i osje\u0107aj. Suptilne perforacije pru\u017eaju dobru prozra\u010dnost i zadr\u017eavaju jutarnju svje\u017einu va\u0161ih nogu. Napravljen od niza recikliranih materijala, ovaj gornji dio ima najmanje 50% recikliranog sadr\u017eaja. Ovaj proizvod predstavlja samo jedno od adidas rje\u0161enja za pomoc\u0301 u okon\u010danju plasti\u010dnog otpada. Bez obzira da li \u0161etate kroz park ili gradske ulice, izgleda\u0107ete savr\u0161eno u ovim adidas patikama, koje \u0107ete lako ukombinovati sa ostatkom garderobe. <\/p>\n<p> Specifikacija: <\/p>\n<li> Lifestyle patike <\/li>\n<li> Meke boje<\/li>\n<li>\u010ciste linije<\/li>\n<li> Suptilne perforacije <\/li>\n<li> Gumeni \u0111on <!--googleon: all--> <\/li>","protected":false},"excerpt":{"rendered":"<p>adidas PARK ST su savr\u0161eno izbalansirane lifestyle patike koje \u0107e vam pru\u017eiti maksimalnu podr\u0161ku u svakom danu. Kada su va\u0161e patike kultne, i va\u0161i pokreti su. Kombinuju meke boje i \u010diste linije za savr\u0161en izgled i osje\u0107aj. Suptilne perforacije pru\u017eaju dobru prozra\u010dnost i zadr\u017eavaju jutarnju svje\u017einu va\u0161ih nogu. Napravljen od niza recikliranih materijala, ovaj gornji [&hellip;]<\/p>","protected":false},"featured_media":31545,"template":"","meta":{"jetpack_post_was_ever_published":false},"product_brand":[111],"product_cat":[63],"product_tag":[],"class_list":{"0":"post-31550","1":"product","2":"type-product","3":"status-publish","4":"has-post-thumbnail","6":"product_brand-sport_reality","7":"product_cat-zenske-patike","9":"first","10":"instock","11":"shipping-taxable","12":"product-type-external"},"jetpack-related-posts":[],"jetpack_sharing_enabled":true,"_links":{"self":[{"href":"https:\/\/cipele.ba\/en\/wp-json\/wp\/v2\/product\/31550","targetHints":{"allow":["GET"]}}],"collection":[{"href":"https:\/\/cipele.ba\/en\/wp-json\/wp\/v2\/product"}],"about":[{"href":"https:\/\/cipele.ba\/en\/wp-json\/wp\/v2\/types\/product"}],"wp:featuredmedia":[{"embeddable":true,"href":"https:\/\/cipele.ba\/en\/wp-json\/wp\/v2\/media\/31545"}],"wp:attachment":[{"href":"https:\/\/cipele.ba\/en\/wp-json\/wp\/v2\/media?parent=31550"}],"wp:term":[{"taxonomy":"product_brand","embeddable":true,"href":"https:\/\/cipele.ba\/en\/wp-json\/wp\/v2\/product_brand?post=31550"},{"taxonomy":"product_cat","embeddable":true,"href":"https:\/\/cipele.ba\/en\/wp-json\/wp\/v2\/product_cat?post=31550"},{"taxonomy":"product_tag","embeddable":true,"href":"https:\/\/cipele.ba\/en\/wp-json\/wp\/v2\/product_tag?post=31550"}],"curies":[{"name":"wp","href":"https:\/\/api.w.org\/{rel}","templated":true}]}}