{"id":31557,"date":"2025-11-06T11:54:22","date_gmt":"2025-11-06T11:54:22","guid":{"rendered":"https:\/\/cipele.ba\/shop\/uncategorized\/skechers-uno-lite-11\/"},"modified":"2026-04-19T02:01:02","modified_gmt":"2026-04-19T02:01:02","slug":"skechers-uno-lite-11","status":"publish","type":"product","link":"https:\/\/cipele.ba\/en\/shop\/zene\/zenske-patike\/skechers-uno-lite-11\/","title":{"rendered":"Skechers Uno Lite"},"content":{"rendered":"<p><!--googleoff: all--> <\/p>\n<p>SKECHERS UNO LITE su \u017eenske lifestyle patike, neobi\u010dnog dizajna u kojima je nemogu\u0107e ostati neprimje\u0107en.<\/p>\n<p>SKECHERS obuc\u0301a je izuzetno moderna, fleksibilna i udobna za svakodnevne aktivnosti i slobodno vrijeme. Gornji dio od vje\u0161ta\u010dke ko\u017ee udobno obavija va\u0161a stopala, a u isto vrijeme im daje i potrebnu \u010dvrstinu. Odli\u010dna prozra\u010dnost ovih patika dr\u017ei va\u0161a stopala suvim i svje\u017eim. Patike su plitkog profila sa klasi\u010dnim pertlanjem i jezi\u010dkom za petu koji olak\u0161ava obuvanje i izuvanje. Logo SKECHERS jasno isti\u010de va\u0161e sportsko opredjeljenje. Perforacije na prstima obezbje\u0111uju savr\u0161enu ventilaciju. Gumeni \u0111on obezbje\u0111uje odli\u010dno prianjanje i daje sigurnost i stabilnost koraku, a i produ\u017eava vijek ovim patikama.<\/p>\n<p> Specifikacija: <\/p>\n<li>\u017denske lifestyle patike<\/li>\n<li>Sastav: Vje\u0161ta\u010dka ko\u017ea<\/li>\n<li>Pertlanje<\/li>\n<li>Plitak profil<\/li>\n<li>Gumeni \u0111on <!--googleon: all--> <\/li>","protected":false},"excerpt":{"rendered":"<p>SKECHERS UNO LITE su \u017eenske lifestyle patike, neobi\u010dnog dizajna u kojima je nemogu\u0107e ostati neprimje\u0107en. SKECHERS obuc\u0301a je izuzetno moderna, fleksibilna i udobna za svakodnevne aktivnosti i slobodno vrijeme. Gornji dio od vje\u0161ta\u010dke ko\u017ee udobno obavija va\u0161a stopala, a u isto vrijeme im daje i potrebnu \u010dvrstinu. Odli\u010dna prozra\u010dnost ovih patika dr\u017ei va\u0161a stopala suvim [&hellip;]<\/p>","protected":false},"featured_media":31553,"template":"","meta":{"jetpack_post_was_ever_published":false},"product_brand":[111],"product_cat":[63],"product_tag":[],"class_list":{"0":"post-31557","1":"product","2":"type-product","3":"status-publish","4":"has-post-thumbnail","6":"product_brand-sport_reality","7":"product_cat-zenske-patike","9":"first","10":"instock","11":"sale","12":"shipping-taxable","13":"product-type-external"},"jetpack-related-posts":[],"jetpack_sharing_enabled":true,"_links":{"self":[{"href":"https:\/\/cipele.ba\/en\/wp-json\/wp\/v2\/product\/31557","targetHints":{"allow":["GET"]}}],"collection":[{"href":"https:\/\/cipele.ba\/en\/wp-json\/wp\/v2\/product"}],"about":[{"href":"https:\/\/cipele.ba\/en\/wp-json\/wp\/v2\/types\/product"}],"wp:featuredmedia":[{"embeddable":true,"href":"https:\/\/cipele.ba\/en\/wp-json\/wp\/v2\/media\/31553"}],"wp:attachment":[{"href":"https:\/\/cipele.ba\/en\/wp-json\/wp\/v2\/media?parent=31557"}],"wp:term":[{"taxonomy":"product_brand","embeddable":true,"href":"https:\/\/cipele.ba\/en\/wp-json\/wp\/v2\/product_brand?post=31557"},{"taxonomy":"product_cat","embeddable":true,"href":"https:\/\/cipele.ba\/en\/wp-json\/wp\/v2\/product_cat?post=31557"},{"taxonomy":"product_tag","embeddable":true,"href":"https:\/\/cipele.ba\/en\/wp-json\/wp\/v2\/product_tag?post=31557"}],"curies":[{"name":"wp","href":"https:\/\/api.w.org\/{rel}","templated":true}]}}