{"id":31558,"date":"2025-11-06T11:54:22","date_gmt":"2025-11-06T11:54:22","guid":{"rendered":"https:\/\/cipele.ba\/shop\/uncategorized\/new-balance-327-6\/"},"modified":"2026-04-19T20:32:09","modified_gmt":"2026-04-19T20:32:09","slug":"new-balance-327-6","status":"publish","type":"product","link":"https:\/\/cipele.ba\/en\/shop\/zene\/zenske-patike\/new-balance-327-6\/","title":{"rendered":"New Balance 327"},"content":{"rendered":"<p><!--googleoff: all--> <\/p>\n<p> NEW BALANCE 327 \u017eenske patike za rekreativno tr\u010danje, stvorene su po uzoru na modele iz 70-tih, kada je rekreativno tr\u010danje postalo popularno. <\/p>\n<p> Mjerilo kvaliteta patike za tr\u010danje pomjerilo se sa pukog postojanja na potrebe za performansama. Iako se dizajn iz tog doba smatra jednostavnim prema dana\u0161njim standardima, ta decenija mo\u017ee se smatrati momentom kada su patike za tr\u010danje postale ono \u0161to su danas. Sa uglastom, isprobanom i dokazanom siluetom prednjeg \u0111ona velikih dimenzija, asimetri\u010dno postavljenim \u201eN\u201c brendom i zaobljenim \u0111onom inspirisanim stazom, 327 pru\u017eaju ti usavr\u0161en redizajn na\u0161eg trka\u010dkog naslje\u0111a. <\/p>\n<p> Specifikacija: <\/p>\n<li> \u017denske patike za tr\u010danje <\/li>\n<li> Plitak profil <\/li>\n<li> \u0160iroki me\u0111u\u0111on <\/li>\n<li> Mre\u017easto gornji\u0161te \/ antilop ko\u017ea <\/li>\n<li> \u0160iroki N logo <\/li>\n<li> Spoljni \u0111on inspirisan 355 patikama za tr\u010danje <\/li>\n<li> Retro dizajn <!--googleon: all--> <\/li>","protected":false},"excerpt":{"rendered":"<p>NEW BALANCE 327 \u017eenske patike za rekreativno tr\u010danje, stvorene su po uzoru na modele iz 70-tih, kada je rekreativno tr\u010danje postalo popularno. Mjerilo kvaliteta patike za tr\u010danje pomjerilo se sa pukog postojanja na potrebe za performansama. Iako se dizajn iz tog doba smatra jednostavnim prema dana\u0161njim standardima, ta decenija mo\u017ee se smatrati momentom kada su [&hellip;]<\/p>","protected":false},"featured_media":31554,"template":"","meta":{"jetpack_post_was_ever_published":false},"product_brand":[111],"product_cat":[63],"product_tag":[],"class_list":{"0":"post-31558","1":"product","2":"type-product","3":"status-publish","4":"has-post-thumbnail","6":"product_brand-sport_reality","7":"product_cat-zenske-patike","9":"first","10":"instock","11":"shipping-taxable","12":"product-type-external"},"jetpack-related-posts":[],"jetpack_sharing_enabled":true,"_links":{"self":[{"href":"https:\/\/cipele.ba\/en\/wp-json\/wp\/v2\/product\/31558","targetHints":{"allow":["GET"]}}],"collection":[{"href":"https:\/\/cipele.ba\/en\/wp-json\/wp\/v2\/product"}],"about":[{"href":"https:\/\/cipele.ba\/en\/wp-json\/wp\/v2\/types\/product"}],"wp:featuredmedia":[{"embeddable":true,"href":"https:\/\/cipele.ba\/en\/wp-json\/wp\/v2\/media\/31554"}],"wp:attachment":[{"href":"https:\/\/cipele.ba\/en\/wp-json\/wp\/v2\/media?parent=31558"}],"wp:term":[{"taxonomy":"product_brand","embeddable":true,"href":"https:\/\/cipele.ba\/en\/wp-json\/wp\/v2\/product_brand?post=31558"},{"taxonomy":"product_cat","embeddable":true,"href":"https:\/\/cipele.ba\/en\/wp-json\/wp\/v2\/product_cat?post=31558"},{"taxonomy":"product_tag","embeddable":true,"href":"https:\/\/cipele.ba\/en\/wp-json\/wp\/v2\/product_tag?post=31558"}],"curies":[{"name":"wp","href":"https:\/\/api.w.org\/{rel}","templated":true}]}}