{"id":31567,"date":"2025-11-06T11:54:27","date_gmt":"2025-11-06T11:54:27","guid":{"rendered":"https:\/\/cipele.ba\/shop\/uncategorized\/asics-japan-s-pf\/"},"modified":"2026-04-15T14:32:34","modified_gmt":"2026-04-15T14:32:34","slug":"asics-japan-s-pf","status":"publish","type":"product","link":"https:\/\/cipele.ba\/en\/shop\/zene\/zenske-patike\/asics-japan-s-pf\/","title":{"rendered":"Asics Japan S PF"},"content":{"rendered":"<p><!--googleoff: all--> <\/p>\n<p> Asics Japan sa \u017eenske patike su moderna reinterpretacija klasi\u010dnog dizajna iz 1981. sa plitkom siluetom i delom za prste inspirisanim terenima. <\/p>\n<\/p>\n<p> <b> Detalji <\/b> <\/p>\n<li> Pobolj\u0161ane \u0111onom sa platformom <\/li>\n<li> Izuzetna udobnost i pobolj\u0161ana amortizacija za no\u0161enje tokom celog dana <\/li>\n<li> Spaja estetiku naslije\u0111a i modernu udobnost <!--googleon: all--> <\/li>","protected":false},"excerpt":{"rendered":"<p>Asics Japan sa \u017eenske patike su moderna reinterpretacija klasi\u010dnog dizajna iz 1981. sa plitkom siluetom i delom za prste inspirisanim terenima. Detalji Pobolj\u0161ane \u0111onom sa platformom Izuzetna udobnost i pobolj\u0161ana amortizacija za no\u0161enje tokom celog dana Spaja estetiku naslije\u0111a i modernu udobnost<\/p>","protected":false},"featured_media":31564,"template":"","meta":{"jetpack_post_was_ever_published":false},"product_brand":[111],"product_cat":[63],"product_tag":[],"class_list":{"0":"post-31567","1":"product","2":"type-product","3":"status-publish","4":"has-post-thumbnail","6":"product_brand-sport_reality","7":"product_cat-zenske-patike","9":"first","10":"instock","11":"sale","12":"shipping-taxable","13":"product-type-external"},"jetpack-related-posts":[],"jetpack_sharing_enabled":true,"_links":{"self":[{"href":"https:\/\/cipele.ba\/en\/wp-json\/wp\/v2\/product\/31567","targetHints":{"allow":["GET"]}}],"collection":[{"href":"https:\/\/cipele.ba\/en\/wp-json\/wp\/v2\/product"}],"about":[{"href":"https:\/\/cipele.ba\/en\/wp-json\/wp\/v2\/types\/product"}],"wp:featuredmedia":[{"embeddable":true,"href":"https:\/\/cipele.ba\/en\/wp-json\/wp\/v2\/media\/31564"}],"wp:attachment":[{"href":"https:\/\/cipele.ba\/en\/wp-json\/wp\/v2\/media?parent=31567"}],"wp:term":[{"taxonomy":"product_brand","embeddable":true,"href":"https:\/\/cipele.ba\/en\/wp-json\/wp\/v2\/product_brand?post=31567"},{"taxonomy":"product_cat","embeddable":true,"href":"https:\/\/cipele.ba\/en\/wp-json\/wp\/v2\/product_cat?post=31567"},{"taxonomy":"product_tag","embeddable":true,"href":"https:\/\/cipele.ba\/en\/wp-json\/wp\/v2\/product_tag?post=31567"}],"curies":[{"name":"wp","href":"https:\/\/api.w.org\/{rel}","templated":true}]}}