{"id":31568,"date":"2025-11-06T11:54:27","date_gmt":"2025-11-06T11:54:27","guid":{"rendered":"https:\/\/cipele.ba\/shop\/uncategorized\/puma-carina-2-0-2\/"},"modified":"2026-04-18T12:50:53","modified_gmt":"2026-04-18T12:50:53","slug":"puma-carina-2-0-2","status":"publish","type":"product","link":"https:\/\/cipele.ba\/en\/shop\/zene\/zenske-patike\/puma-carina-2-0-2\/","title":{"rendered":"Puma Carina 2.0"},"content":{"rendered":"<p><!--googleoff: all--> <\/p>\n<p> \u017denske patike Puma Carina 2.0 sa SoftFoam+ ulo\u0161kom spajaju moderan stil sa retro dizajnom iz 80-ih. <\/p>\n<\/p>\n<p> <b> Detalji <\/b> <\/p>\n<li> SoftFoam+: PUMA udoban \u0111on za trenutni korak i dugotrajnu udobnost <\/li>\n<li> Gornji dio ove patike je napravljen od najmanje 20% recikliranih materijala, a donji dio je napravljen od najmanje 10% recikliranih materijala, kao korak ka boljoj budu\u0107nosti <!--googleon: all--> <\/li>","protected":false},"excerpt":{"rendered":"<p>\u017denske patike Puma Carina 2.0 sa SoftFoam+ ulo\u0161kom spajaju moderan stil sa retro dizajnom iz 80-ih. Detalji SoftFoam+: PUMA udoban \u0111on za trenutni korak i dugotrajnu udobnost Gornji dio ove patike je napravljen od najmanje 20% recikliranih materijala, a donji dio je napravljen od najmanje 10% recikliranih materijala, kao korak ka boljoj budu\u0107nosti<\/p>","protected":false},"featured_media":31562,"template":"","meta":{"jetpack_post_was_ever_published":false},"product_brand":[111],"product_cat":[63],"product_tag":[],"class_list":{"0":"post-31568","1":"product","2":"type-product","3":"status-publish","4":"has-post-thumbnail","6":"product_brand-sport_reality","7":"product_cat-zenske-patike","9":"first","10":"instock","11":"sale","12":"shipping-taxable","13":"product-type-external"},"jetpack-related-posts":[],"jetpack_sharing_enabled":true,"_links":{"self":[{"href":"https:\/\/cipele.ba\/en\/wp-json\/wp\/v2\/product\/31568","targetHints":{"allow":["GET"]}}],"collection":[{"href":"https:\/\/cipele.ba\/en\/wp-json\/wp\/v2\/product"}],"about":[{"href":"https:\/\/cipele.ba\/en\/wp-json\/wp\/v2\/types\/product"}],"wp:featuredmedia":[{"embeddable":true,"href":"https:\/\/cipele.ba\/en\/wp-json\/wp\/v2\/media\/31562"}],"wp:attachment":[{"href":"https:\/\/cipele.ba\/en\/wp-json\/wp\/v2\/media?parent=31568"}],"wp:term":[{"taxonomy":"product_brand","embeddable":true,"href":"https:\/\/cipele.ba\/en\/wp-json\/wp\/v2\/product_brand?post=31568"},{"taxonomy":"product_cat","embeddable":true,"href":"https:\/\/cipele.ba\/en\/wp-json\/wp\/v2\/product_cat?post=31568"},{"taxonomy":"product_tag","embeddable":true,"href":"https:\/\/cipele.ba\/en\/wp-json\/wp\/v2\/product_tag?post=31568"}],"curies":[{"name":"wp","href":"https:\/\/api.w.org\/{rel}","templated":true}]}}