{"id":31583,"date":"2025-11-06T11:54:34","date_gmt":"2025-11-06T11:54:34","guid":{"rendered":"https:\/\/cipele.ba\/shop\/uncategorized\/adidas-postmove\/"},"modified":"2026-04-20T04:19:18","modified_gmt":"2026-04-20T04:19:18","slug":"adidas-postmove","status":"publish","type":"product","link":"https:\/\/cipele.ba\/en\/shop\/zene\/zenske-patike\/adidas-postmove\/","title":{"rendered":"adidas POSTMOVE"},"content":{"rendered":"<p><!--googleoff: all--> <\/p>\n<p> adidas POSTMOVE su \u017eenske lifestyle patike inspirisane ko\u0161arkom, a mo\u017eete ih nositi i van terena. <\/p>\n<p> Sa unapre\u0111enim detaljima kao \u0161to su ultra mekani Cloudfoam jastu\u010di\u0107i, donose novu vrstu udobnosti koju \u0107ete cijeniti svaki put kada ih obujete. Geofit Comfort kragna je mekana za va\u0161e zglobove, a gornji\u0161te od sinteti\u010dke ko\u017ee je izdr\u017eljivo. Zamr\u0161eni \u0161avovi podi\u017eu njihov izgled na vi\u0161i nivo. <\/p>\n<p> Specifikacija: <\/p>\n<li> \u017denske lifestyle patike <\/li>\n<li> Poludubok profil <\/li>\n<li> Pertlanje <\/li>\n<li> Gornji\u0161te od sinteti\u010dke ko\u017ee <\/li>\n<li> Cloudfoam jastu\u010di\u0107i <\/li>\n<li> Tekstilna unutra\u0161njost <\/li>\n<li> Geofit Comfort kragna <!--googleon: all--> <\/li>","protected":false},"excerpt":{"rendered":"<p>adidas POSTMOVE su \u017eenske lifestyle patike inspirisane ko\u0161arkom, a mo\u017eete ih nositi i van terena. Sa unapre\u0111enim detaljima kao \u0161to su ultra mekani Cloudfoam jastu\u010di\u0107i, donose novu vrstu udobnosti koju \u0107ete cijeniti svaki put kada ih obujete. Geofit Comfort kragna je mekana za va\u0161e zglobove, a gornji\u0161te od sinteti\u010dke ko\u017ee je izdr\u017eljivo. Zamr\u0161eni \u0161avovi podi\u017eu [&hellip;]<\/p>","protected":false},"featured_media":31579,"template":"","meta":{"jetpack_post_was_ever_published":false},"product_brand":[111],"product_cat":[63],"product_tag":[],"class_list":{"0":"post-31583","1":"product","2":"type-product","3":"status-publish","4":"has-post-thumbnail","6":"product_brand-sport_reality","7":"product_cat-zenske-patike","9":"first","10":"instock","11":"sale","12":"shipping-taxable","13":"product-type-external"},"jetpack-related-posts":[],"jetpack_sharing_enabled":true,"_links":{"self":[{"href":"https:\/\/cipele.ba\/en\/wp-json\/wp\/v2\/product\/31583","targetHints":{"allow":["GET"]}}],"collection":[{"href":"https:\/\/cipele.ba\/en\/wp-json\/wp\/v2\/product"}],"about":[{"href":"https:\/\/cipele.ba\/en\/wp-json\/wp\/v2\/types\/product"}],"wp:featuredmedia":[{"embeddable":true,"href":"https:\/\/cipele.ba\/en\/wp-json\/wp\/v2\/media\/31579"}],"wp:attachment":[{"href":"https:\/\/cipele.ba\/en\/wp-json\/wp\/v2\/media?parent=31583"}],"wp:term":[{"taxonomy":"product_brand","embeddable":true,"href":"https:\/\/cipele.ba\/en\/wp-json\/wp\/v2\/product_brand?post=31583"},{"taxonomy":"product_cat","embeddable":true,"href":"https:\/\/cipele.ba\/en\/wp-json\/wp\/v2\/product_cat?post=31583"},{"taxonomy":"product_tag","embeddable":true,"href":"https:\/\/cipele.ba\/en\/wp-json\/wp\/v2\/product_tag?post=31583"}],"curies":[{"name":"wp","href":"https:\/\/api.w.org\/{rel}","templated":true}]}}