{"id":31592,"date":"2025-11-06T11:54:38","date_gmt":"2025-11-06T11:54:38","guid":{"rendered":"https:\/\/cipele.ba\/shop\/uncategorized\/skechers-bobs-squad-chaos-4\/"},"modified":"2026-04-21T15:24:44","modified_gmt":"2026-04-21T15:24:44","slug":"skechers-bobs-squad-chaos-4","status":"publish","type":"product","link":"https:\/\/cipele.ba\/en\/shop\/zene\/zenske-patike\/skechers-bobs-squad-chaos-4\/","title":{"rendered":"Skechers BOBS SQUAD CHAOS"},"content":{"rendered":"<p><!--googleoff: all--> <\/p>\n<p> Skechers Bobs Squad Chaos \u017eenske lifestyle su patike o kojima svi govore. Model koji ispunjava sva va\u0161a o\u010dekivanja. <\/p>\n<p> Ovo je udobna lifestyle \u017eenska platnena patika sa memorijskom pjenom. Ako tra\u017eite udobnu patiku Bob Squad Chaos je pravi izbor za Vas. Posjeduje ulo\u017eak napravljen od memorijske pjene, a gornji dio izra\u0111en od tekstila koji se lako prilago\u0111ava svakom stopalu. Fleksibilni \u0111on patike pru\u017ea stabilnost i prijanjanje bez obzira na podlogu. <\/p>\n<p> Specifikacija: <\/p>\n<li> \u017denske patike -Lifestyle <\/li>\n<li> Pertlanje <\/li>\n<li> SKECHERS logo <!--googleon: all--> <\/li>","protected":false},"excerpt":{"rendered":"<p>Skechers Bobs Squad Chaos \u017eenske lifestyle su patike o kojima svi govore. Model koji ispunjava sva va\u0161a o\u010dekivanja. Ovo je udobna lifestyle \u017eenska platnena patika sa memorijskom pjenom. Ako tra\u017eite udobnu patiku Bob Squad Chaos je pravi izbor za Vas. Posjeduje ulo\u017eak napravljen od memorijske pjene, a gornji dio izra\u0111en od tekstila koji se lako [&hellip;]<\/p>","protected":false},"featured_media":31588,"template":"","meta":{"jetpack_post_was_ever_published":false},"product_brand":[111],"product_cat":[63],"product_tag":[],"class_list":{"0":"post-31592","1":"product","2":"type-product","3":"status-publish","4":"has-post-thumbnail","6":"product_brand-sport_reality","7":"product_cat-zenske-patike","9":"first","10":"instock","11":"shipping-taxable","12":"product-type-external"},"jetpack-related-posts":[],"jetpack_sharing_enabled":true,"_links":{"self":[{"href":"https:\/\/cipele.ba\/en\/wp-json\/wp\/v2\/product\/31592","targetHints":{"allow":["GET"]}}],"collection":[{"href":"https:\/\/cipele.ba\/en\/wp-json\/wp\/v2\/product"}],"about":[{"href":"https:\/\/cipele.ba\/en\/wp-json\/wp\/v2\/types\/product"}],"wp:featuredmedia":[{"embeddable":true,"href":"https:\/\/cipele.ba\/en\/wp-json\/wp\/v2\/media\/31588"}],"wp:attachment":[{"href":"https:\/\/cipele.ba\/en\/wp-json\/wp\/v2\/media?parent=31592"}],"wp:term":[{"taxonomy":"product_brand","embeddable":true,"href":"https:\/\/cipele.ba\/en\/wp-json\/wp\/v2\/product_brand?post=31592"},{"taxonomy":"product_cat","embeddable":true,"href":"https:\/\/cipele.ba\/en\/wp-json\/wp\/v2\/product_cat?post=31592"},{"taxonomy":"product_tag","embeddable":true,"href":"https:\/\/cipele.ba\/en\/wp-json\/wp\/v2\/product_tag?post=31592"}],"curies":[{"name":"wp","href":"https:\/\/api.w.org\/{rel}","templated":true}]}}