{"id":31611,"date":"2025-11-06T11:54:47","date_gmt":"2025-11-06T11:54:47","guid":{"rendered":"https:\/\/cipele.ba\/shop\/uncategorized\/nike-court-vision-alta-2\/"},"modified":"2026-04-18T16:53:37","modified_gmt":"2026-04-18T16:53:37","slug":"nike-court-vision-alta-2","status":"publish","type":"product","link":"https:\/\/cipele.ba\/en\/shop\/zene\/zenske-patike\/nike-court-vision-alta-2\/","title":{"rendered":"Nike Court Vision Alta"},"content":{"rendered":"<p><!--googleoff: all--> <\/p>\n<p> Nike Court Vision Alta su \u017eenske lifestyle patike kultnog dizajna, ali upotpunjene svim zahtjevima modernog svijeta.<\/p>\n<p> Ove patike di\u017eu ljestvicu kvaliteta i modernog dizajna na vi\u0161i nivo. Gornji\u0161te od ko\u017ee obezbje\u0111uje udobnost i daje izdr\u017eljivost, dok perforacije nad prstima obezbje\u0111uju dobru prozra\u010dnost i time zadr\u017eavaju svje\u017einu va\u0161ih stopala. Podignuti me\u0111u\u0111on od pjene daje savr\u0161enu udobnost i lako\u0107u kretanja. Ultra oja\u010dan jezik je izuzetno mekan i odli\u010dno prianja, a jedinstvena geometrija pete obezbje\u0111uje moderan izgled i komfor. Gumeni \u0111on, pored odli\u010dnog prianjajna, osigurava i dugotrajnost ovih patika. <\/p>\n<p> Specifikacija: <\/p>\n<li> \u017denske patike lifestyle<\/li>\n<li>Gornji\u0161te od ko\u017ee<\/li>\n<li>Plitak profil <\/li>\n<li>Pertlanje<\/li>\n<li>Podignuti srednji \u0111on<\/li>\n<li>Ultra oja\u010dan jezik<\/li>\n<li>Gumeni \u0111on <!--googleon: all--> <\/li>","protected":false},"excerpt":{"rendered":"<p>Nike Court Vision Alta su \u017eenske lifestyle patike kultnog dizajna, ali upotpunjene svim zahtjevima modernog svijeta. Ove patike di\u017eu ljestvicu kvaliteta i modernog dizajna na vi\u0161i nivo. Gornji\u0161te od ko\u017ee obezbje\u0111uje udobnost i daje izdr\u017eljivost, dok perforacije nad prstima obezbje\u0111uju dobru prozra\u010dnost i time zadr\u017eavaju svje\u017einu va\u0161ih stopala. Podignuti me\u0111u\u0111on od pjene daje savr\u0161enu udobnost [&hellip;]<\/p>","protected":false},"featured_media":31607,"template":"","meta":{"jetpack_post_was_ever_published":false},"product_brand":[111],"product_cat":[63],"product_tag":[],"class_list":{"0":"post-31611","1":"product","2":"type-product","3":"status-publish","4":"has-post-thumbnail","6":"product_brand-sport_reality","7":"product_cat-zenske-patike","9":"first","10":"instock","11":"sale","12":"shipping-taxable","13":"product-type-external"},"jetpack-related-posts":[],"jetpack_sharing_enabled":true,"_links":{"self":[{"href":"https:\/\/cipele.ba\/en\/wp-json\/wp\/v2\/product\/31611","targetHints":{"allow":["GET"]}}],"collection":[{"href":"https:\/\/cipele.ba\/en\/wp-json\/wp\/v2\/product"}],"about":[{"href":"https:\/\/cipele.ba\/en\/wp-json\/wp\/v2\/types\/product"}],"wp:featuredmedia":[{"embeddable":true,"href":"https:\/\/cipele.ba\/en\/wp-json\/wp\/v2\/media\/31607"}],"wp:attachment":[{"href":"https:\/\/cipele.ba\/en\/wp-json\/wp\/v2\/media?parent=31611"}],"wp:term":[{"taxonomy":"product_brand","embeddable":true,"href":"https:\/\/cipele.ba\/en\/wp-json\/wp\/v2\/product_brand?post=31611"},{"taxonomy":"product_cat","embeddable":true,"href":"https:\/\/cipele.ba\/en\/wp-json\/wp\/v2\/product_cat?post=31611"},{"taxonomy":"product_tag","embeddable":true,"href":"https:\/\/cipele.ba\/en\/wp-json\/wp\/v2\/product_tag?post=31611"}],"curies":[{"name":"wp","href":"https:\/\/api.w.org\/{rel}","templated":true}]}}