{"id":31617,"date":"2025-11-06T11:54:50","date_gmt":"2025-11-06T11:54:50","guid":{"rendered":"https:\/\/cipele.ba\/shop\/uncategorized\/puma-puma-karmen-mid\/"},"modified":"2026-04-18T21:01:39","modified_gmt":"2026-04-18T21:01:39","slug":"puma-puma-karmen-mid","status":"publish","type":"product","link":"https:\/\/cipele.ba\/en\/shop\/zene\/zenske-patike\/puma-puma-karmen-mid\/","title":{"rendered":"Puma PUMA KARMEN MID"},"content":{"rendered":"<p><!--googleoff: all--> <\/p>\n<p>Puma Karmen su lifestyle \u017eenske patike koje spajaju klasiku i moderne detalje. Iza\u0111ite iz stereotipa svakodnevice i pogledajte svijet oko sebe iz vi\u0161e perspektive u ovim patikama sa platformom. <\/p>\n<p> Visoka, lagano oblikovana platforma i robustni \u0111on dodaju vam na visini, a u isto vrijeme ne uti\u010du mnogo na te\u017einu patika. Prepoznatljivi natpis jasno isti\u010de va\u0161 sportski stil i va\u0161u pripadnost svjetski poznatom brendu. Patike su dubokog profila sa klasi\u010dnim pertlanjem i jezi\u010dkom za petu koji omogu\u0107ava lako obuvanjei izuvanje. SoftFoam+ obezbje\u0111uje odli\u010dnu amortizaciju i dodaje naudobnosti. Gornji dio ove patike je napravljen od najmanje 20% recikliranih materijala kao korak ka boljoj budu\u0107nosti. Specifikacija: <\/p>\n<li>\u017denske lifestyle patike<\/li>\n<li>Platforma<\/li>\n<li>Klasi\u010dno pertlanje<\/li>\n<li>Dubok profil<\/li>\n<li>Robusni gumeni \u0111on <!--googleon: all--> <\/li>","protected":false},"excerpt":{"rendered":"<p>Puma Karmen su lifestyle \u017eenske patike koje spajaju klasiku i moderne detalje. Iza\u0111ite iz stereotipa svakodnevice i pogledajte svijet oko sebe iz vi\u0161e perspektive u ovim patikama sa platformom. Visoka, lagano oblikovana platforma i robustni \u0111on dodaju vam na visini, a u isto vrijeme ne uti\u010du mnogo na te\u017einu patika. Prepoznatljivi natpis jasno isti\u010de va\u0161 [&hellip;]<\/p>","protected":false},"featured_media":31613,"template":"","meta":{"jetpack_post_was_ever_published":false},"product_brand":[111],"product_cat":[63],"product_tag":[],"class_list":{"0":"post-31617","1":"product","2":"type-product","3":"status-publish","4":"has-post-thumbnail","6":"product_brand-sport_reality","7":"product_cat-zenske-patike","9":"first","10":"instock","11":"sale","12":"shipping-taxable","13":"product-type-external"},"jetpack-related-posts":[],"jetpack_sharing_enabled":true,"_links":{"self":[{"href":"https:\/\/cipele.ba\/en\/wp-json\/wp\/v2\/product\/31617","targetHints":{"allow":["GET"]}}],"collection":[{"href":"https:\/\/cipele.ba\/en\/wp-json\/wp\/v2\/product"}],"about":[{"href":"https:\/\/cipele.ba\/en\/wp-json\/wp\/v2\/types\/product"}],"wp:featuredmedia":[{"embeddable":true,"href":"https:\/\/cipele.ba\/en\/wp-json\/wp\/v2\/media\/31613"}],"wp:attachment":[{"href":"https:\/\/cipele.ba\/en\/wp-json\/wp\/v2\/media?parent=31617"}],"wp:term":[{"taxonomy":"product_brand","embeddable":true,"href":"https:\/\/cipele.ba\/en\/wp-json\/wp\/v2\/product_brand?post=31617"},{"taxonomy":"product_cat","embeddable":true,"href":"https:\/\/cipele.ba\/en\/wp-json\/wp\/v2\/product_cat?post=31617"},{"taxonomy":"product_tag","embeddable":true,"href":"https:\/\/cipele.ba\/en\/wp-json\/wp\/v2\/product_tag?post=31617"}],"curies":[{"name":"wp","href":"https:\/\/api.w.org\/{rel}","templated":true}]}}