{"id":31638,"date":"2025-11-06T11:55:01","date_gmt":"2025-11-06T11:55:01","guid":{"rendered":"https:\/\/cipele.ba\/shop\/uncategorized\/adidas-postmove-2\/"},"modified":"2026-04-19T08:45:56","modified_gmt":"2026-04-19T08:45:56","slug":"adidas-postmove-2","status":"publish","type":"product","link":"https:\/\/cipele.ba\/en\/shop\/zene\/zenske-patike\/adidas-postmove-2\/","title":{"rendered":"adidas Postmove"},"content":{"rendered":"<p><!--googleoff: all--> <\/p>\n<p>adidas Postmove su \u017eenske lifestyle patike inspirisane ko\u0161arkom koje kombinuju klasi\u010dne sportske elemente sa dekorativnim \u0161avovima kako bi podr\u017ealale va\u0161 sportsko-elegantni stil.<\/p>\n<p> Inspirisane ko\u0161arka\u0161kim stilom, adidas Postmove daju upe\u010datljiv lifestyle izgled van terena. Cludfoam srednji \u0111on i GEOFIT otvor koji se prilago\u0111ava obliku va\u0161eg stopala donose udobnost i samopouzdanje na svakom koraku. Gornji dio od prevu\u010dene sinteti\u010dke ko\u017ee koji je izuzetno izdr\u017eljiv garantuje dugovje\u010dnost ovog modela. Ovaj proizvod je napravljen od recikliranog materijala kao dio adidas ambicije da se okon\u010da zaga\u0111enje plastikom.<\/p>\n<p>Specifikacija:<\/p>\n<li> Plitak profil <\/li>\n<li> Pertlanje <\/li>\n<li> GEOFIT postavljeni otvor <\/li>\n<li> Gornji dio od sinteti\u010dke ko\u017ee <\/li>\n<li> Tekstilna unutra\u0161njost <\/li>\n<li> Cloudfoam Super srednji \u0111on <\/li>\n<li> Gumeni \u0111on <!--googleon: all--> <\/li>","protected":false},"excerpt":{"rendered":"<p>adidas Postmove su \u017eenske lifestyle patike inspirisane ko\u0161arkom koje kombinuju klasi\u010dne sportske elemente sa dekorativnim \u0161avovima kako bi podr\u017ealale va\u0161 sportsko-elegantni stil. Inspirisane ko\u0161arka\u0161kim stilom, adidas Postmove daju upe\u010datljiv lifestyle izgled van terena. Cludfoam srednji \u0111on i GEOFIT otvor koji se prilago\u0111ava obliku va\u0161eg stopala donose udobnost i samopouzdanje na svakom koraku. Gornji dio od [&hellip;]<\/p>","protected":false},"featured_media":31635,"template":"","meta":{"jetpack_post_was_ever_published":false},"product_brand":[111],"product_cat":[63],"product_tag":[],"class_list":{"0":"post-31638","1":"product","2":"type-product","3":"status-publish","4":"has-post-thumbnail","6":"product_brand-sport_reality","7":"product_cat-zenske-patike","9":"first","10":"instock","11":"shipping-taxable","12":"product-type-external"},"jetpack-related-posts":[],"jetpack_sharing_enabled":true,"_links":{"self":[{"href":"https:\/\/cipele.ba\/en\/wp-json\/wp\/v2\/product\/31638","targetHints":{"allow":["GET"]}}],"collection":[{"href":"https:\/\/cipele.ba\/en\/wp-json\/wp\/v2\/product"}],"about":[{"href":"https:\/\/cipele.ba\/en\/wp-json\/wp\/v2\/types\/product"}],"wp:featuredmedia":[{"embeddable":true,"href":"https:\/\/cipele.ba\/en\/wp-json\/wp\/v2\/media\/31635"}],"wp:attachment":[{"href":"https:\/\/cipele.ba\/en\/wp-json\/wp\/v2\/media?parent=31638"}],"wp:term":[{"taxonomy":"product_brand","embeddable":true,"href":"https:\/\/cipele.ba\/en\/wp-json\/wp\/v2\/product_brand?post=31638"},{"taxonomy":"product_cat","embeddable":true,"href":"https:\/\/cipele.ba\/en\/wp-json\/wp\/v2\/product_cat?post=31638"},{"taxonomy":"product_tag","embeddable":true,"href":"https:\/\/cipele.ba\/en\/wp-json\/wp\/v2\/product_tag?post=31638"}],"curies":[{"name":"wp","href":"https:\/\/api.w.org\/{rel}","templated":true}]}}