{"id":31641,"date":"2025-11-06T11:55:02","date_gmt":"2025-11-06T11:55:02","guid":{"rendered":"https:\/\/cipele.ba\/shop\/uncategorized\/nike-court-vision-low-3\/"},"modified":"2026-04-18T23:28:19","modified_gmt":"2026-04-18T23:28:19","slug":"nike-court-vision-low-3","status":"publish","type":"product","link":"https:\/\/cipele.ba\/en\/shop\/zene\/zenske-patike\/nike-court-vision-low-3\/","title":{"rendered":"Nike Court Vision Low"},"content":{"rendered":"<p><!--googleoff: all--> <\/p>\n<p> Nike Court Vision Low Next Nature su lifestyle patike dizajnirane za \u017eene koje vole klasi\u010dan ko\u0161arka\u0161ki dizajn iz 80-ih. <\/p>\n<\/p>\n<p> <b> DETALJI <\/p>\n<li> Postavljeni plitki rub <\/li>\n<li> Rupice na prstima i sa strana <\/li>\n<li> Gumeni spoljni \u0111on <\/li>\n<p><\/b> <b> ECO STORY <\/b> <\/p>\n<li> Sadr\u017ei najmanje 20% recikliranih materijala po te\u017eini <\/li>\n<li> Nike Sunburst ili Next Nature (NN) zna\u010di jo\u0161 jedan korak na na\u0161em putovanju do nulte emisije ugljenika i nultog otpada <!--googleon: all--> <\/li>","protected":false},"excerpt":{"rendered":"<p>Nike Court Vision Low Next Nature su lifestyle patike dizajnirane za \u017eene koje vole klasi\u010dan ko\u0161arka\u0161ki dizajn iz 80-ih. DETALJI Postavljeni plitki rub Rupice na prstima i sa strana Gumeni spoljni \u0111on ECO STORY Sadr\u017ei najmanje 20% recikliranih materijala po te\u017eini Nike Sunburst ili Next Nature (NN) zna\u010di jo\u0161 jedan korak na na\u0161em putovanju do [&hellip;]<\/p>","protected":false},"featured_media":31637,"template":"","meta":{"jetpack_post_was_ever_published":false},"product_brand":[111],"product_cat":[63],"product_tag":[],"class_list":{"0":"post-31641","1":"product","2":"type-product","3":"status-publish","4":"has-post-thumbnail","6":"product_brand-sport_reality","7":"product_cat-zenske-patike","9":"first","10":"instock","11":"sale","12":"shipping-taxable","13":"product-type-external"},"jetpack-related-posts":[],"jetpack_sharing_enabled":true,"_links":{"self":[{"href":"https:\/\/cipele.ba\/en\/wp-json\/wp\/v2\/product\/31641","targetHints":{"allow":["GET"]}}],"collection":[{"href":"https:\/\/cipele.ba\/en\/wp-json\/wp\/v2\/product"}],"about":[{"href":"https:\/\/cipele.ba\/en\/wp-json\/wp\/v2\/types\/product"}],"wp:featuredmedia":[{"embeddable":true,"href":"https:\/\/cipele.ba\/en\/wp-json\/wp\/v2\/media\/31637"}],"wp:attachment":[{"href":"https:\/\/cipele.ba\/en\/wp-json\/wp\/v2\/media?parent=31641"}],"wp:term":[{"taxonomy":"product_brand","embeddable":true,"href":"https:\/\/cipele.ba\/en\/wp-json\/wp\/v2\/product_brand?post=31641"},{"taxonomy":"product_cat","embeddable":true,"href":"https:\/\/cipele.ba\/en\/wp-json\/wp\/v2\/product_cat?post=31641"},{"taxonomy":"product_tag","embeddable":true,"href":"https:\/\/cipele.ba\/en\/wp-json\/wp\/v2\/product_tag?post=31641"}],"curies":[{"name":"wp","href":"https:\/\/api.w.org\/{rel}","templated":true}]}}