{"id":31669,"date":"2025-11-06T11:55:16","date_gmt":"2025-11-06T11:55:16","guid":{"rendered":"https:\/\/cipele.ba\/shop\/uncategorized\/skechers-sinergy-2-0\/"},"modified":"2026-04-19T01:05:40","modified_gmt":"2026-04-19T01:05:40","slug":"skechers-sinergy-2-0","status":"publish","type":"product","link":"https:\/\/cipele.ba\/en\/shop\/zene\/zenske-patike\/skechers-sinergy-2-0\/","title":{"rendered":"Skechers Sinergy 2.0"},"content":{"rendered":"<p><!--googleoff: all--> <\/p>\n<p> SKECHERS Sinergy 2.0 \u017eenske lifestyle patike daju elegantan i bezvremenski izgled. <\/p>\n<p> Estetika i tehnologija izrade svrstavaju ih u obu\u0107u koju mo\u017eete nositi u razli\u010ditim dnevnim i ve\u010dernjim prilikama. Jednostavnih linija i klasi\u010dne Skechers siluete namijenjene su damama svih generacija. Perforirano gornji\u0161te od prirodne ko\u017ee ima ventilaciona svojstva. Modernog izgleda, plitkog profila i neutralnog kolorita sla\u017eu se sa svim sportsko-elegantnim kombinacijama. Zahvaljuju\u0107i AIR COOL MEMORY FOAM tehnologiji ulo\u0161ka mo\u017eete u\u017eivati u svim outdoor aktivnostima. Fleksibilni Dual Lite \u0111on ima amortizuju\u0107a svojstva. <\/p>\n<p> Specifikacija: <\/p>\n<li> \u017denske lifestyle patike <\/li>\n<li> Plitak profil <\/li>\n<li> Pertlanje <\/li>\n<li> Air Cool Memory Foam tehnologija <\/li>\n<li> SKECHERS logo <\/li>\n<li> Fleksibilni Dual Lite \u0111on <\/li>\n<li> Sastav gornji\u0161ta: ko\u017ea <\/li>\n<li> Gumeni \u0111on <!--googleon: all--> <\/li>","protected":false},"excerpt":{"rendered":"<p>SKECHERS Sinergy 2.0 \u017eenske lifestyle patike daju elegantan i bezvremenski izgled. Estetika i tehnologija izrade svrstavaju ih u obu\u0107u koju mo\u017eete nositi u razli\u010ditim dnevnim i ve\u010dernjim prilikama. Jednostavnih linija i klasi\u010dne Skechers siluete namijenjene su damama svih generacija. Perforirano gornji\u0161te od prirodne ko\u017ee ima ventilaciona svojstva. Modernog izgleda, plitkog profila i neutralnog kolorita sla\u017eu [&hellip;]<\/p>","protected":false},"featured_media":31666,"template":"","meta":{"jetpack_post_was_ever_published":false},"product_brand":[111],"product_cat":[63],"product_tag":[],"class_list":{"0":"post-31669","1":"product","2":"type-product","3":"status-publish","4":"has-post-thumbnail","6":"product_brand-sport_reality","7":"product_cat-zenske-patike","9":"first","10":"instock","11":"sale","12":"shipping-taxable","13":"product-type-external"},"jetpack-related-posts":[],"jetpack_sharing_enabled":true,"_links":{"self":[{"href":"https:\/\/cipele.ba\/en\/wp-json\/wp\/v2\/product\/31669","targetHints":{"allow":["GET"]}}],"collection":[{"href":"https:\/\/cipele.ba\/en\/wp-json\/wp\/v2\/product"}],"about":[{"href":"https:\/\/cipele.ba\/en\/wp-json\/wp\/v2\/types\/product"}],"wp:featuredmedia":[{"embeddable":true,"href":"https:\/\/cipele.ba\/en\/wp-json\/wp\/v2\/media\/31666"}],"wp:attachment":[{"href":"https:\/\/cipele.ba\/en\/wp-json\/wp\/v2\/media?parent=31669"}],"wp:term":[{"taxonomy":"product_brand","embeddable":true,"href":"https:\/\/cipele.ba\/en\/wp-json\/wp\/v2\/product_brand?post=31669"},{"taxonomy":"product_cat","embeddable":true,"href":"https:\/\/cipele.ba\/en\/wp-json\/wp\/v2\/product_cat?post=31669"},{"taxonomy":"product_tag","embeddable":true,"href":"https:\/\/cipele.ba\/en\/wp-json\/wp\/v2\/product_tag?post=31669"}],"curies":[{"name":"wp","href":"https:\/\/api.w.org\/{rel}","templated":true}]}}