{"id":31676,"date":"2025-11-06T11:55:19","date_gmt":"2025-11-06T11:55:19","guid":{"rendered":"https:\/\/cipele.ba\/shop\/uncategorized\/skechers-graceful-get-connected-2\/"},"modified":"2026-04-19T15:20:03","modified_gmt":"2026-04-19T15:20:03","slug":"skechers-graceful-get-connected-2","status":"publish","type":"product","link":"https:\/\/cipele.ba\/en\/shop\/zene\/zenske-patike\/skechers-graceful-get-connected-2\/","title":{"rendered":"Skechers Graceful-Get Connected"},"content":{"rendered":"<p><!--googleoff: all--> <\/p>\n<p>Skechers GRACEFUL-GET CONNECTED su \u017eenske patike koje su odli\u010dan izbor ukoliko je aktivan i dinami\u010dan \u017eivot va\u0161a svakodnevica. Gornji dio patika napravljen je od mre\u017eastih materijala \u0161to ove patike \u010dini vrlo udobnim i prozra\u010dnim, dok im gumeni \u0111on daje stabilnost i dobro prijanjanje na razi\u010ditim podlogama. Svedena crna boja, u kombinaciji sa zlatnim detaljima, daje ovim Skechers GRACEFUL-GET CONNECTED \u017eenskim patikam sportski izgled i \u010dini ih odli\u010dnim za kombinovanje uz razli\u010dite komade odje\u0107e. Neka Skechers bude va\u0161 za\u0161titni znak.<br \/> Specifikacija:<\/p>\n<ul>\n<li>\u017denske patike \u2013 lifestyle<\/li>\n<li>Plitak profil<\/li>\n<li>Pertlanje<\/li>\n<li>Gornji dio: mre\u017easti materijali<\/li>\n<li>\u0110on: guma<\/li>\n<li>Boja: crna<\/li>\n<li>\u0160ifra proizvoda: 12615-BKRG<\/li>\n<\/ul>\n<p> <!--googleon: all--><\/p>","protected":false},"excerpt":{"rendered":"<p>Skechers GRACEFUL-GET CONNECTED su \u017eenske patike koje su odli\u010dan izbor ukoliko je aktivan i dinami\u010dan \u017eivot va\u0161a svakodnevica. Gornji dio patika napravljen je od mre\u017eastih materijala \u0161to ove patike \u010dini vrlo udobnim i prozra\u010dnim, dok im gumeni \u0111on daje stabilnost i dobro prijanjanje na razi\u010ditim podlogama. Svedena crna boja, u kombinaciji sa zlatnim detaljima, daje [&hellip;]<\/p>","protected":false},"featured_media":31672,"template":"","meta":{"jetpack_post_was_ever_published":false},"product_brand":[111],"product_cat":[63],"product_tag":[],"class_list":{"0":"post-31676","1":"product","2":"type-product","3":"status-publish","4":"has-post-thumbnail","6":"product_brand-sport_reality","7":"product_cat-zenske-patike","9":"first","10":"instock","11":"sale","12":"shipping-taxable","13":"product-type-external"},"jetpack-related-posts":[],"jetpack_sharing_enabled":true,"_links":{"self":[{"href":"https:\/\/cipele.ba\/en\/wp-json\/wp\/v2\/product\/31676","targetHints":{"allow":["GET"]}}],"collection":[{"href":"https:\/\/cipele.ba\/en\/wp-json\/wp\/v2\/product"}],"about":[{"href":"https:\/\/cipele.ba\/en\/wp-json\/wp\/v2\/types\/product"}],"wp:featuredmedia":[{"embeddable":true,"href":"https:\/\/cipele.ba\/en\/wp-json\/wp\/v2\/media\/31672"}],"wp:attachment":[{"href":"https:\/\/cipele.ba\/en\/wp-json\/wp\/v2\/media?parent=31676"}],"wp:term":[{"taxonomy":"product_brand","embeddable":true,"href":"https:\/\/cipele.ba\/en\/wp-json\/wp\/v2\/product_brand?post=31676"},{"taxonomy":"product_cat","embeddable":true,"href":"https:\/\/cipele.ba\/en\/wp-json\/wp\/v2\/product_cat?post=31676"},{"taxonomy":"product_tag","embeddable":true,"href":"https:\/\/cipele.ba\/en\/wp-json\/wp\/v2\/product_tag?post=31676"}],"curies":[{"name":"wp","href":"https:\/\/api.w.org\/{rel}","templated":true}]}}