{"id":31677,"date":"2025-11-06T11:55:20","date_gmt":"2025-11-06T11:55:20","guid":{"rendered":"https:\/\/cipele.ba\/shop\/uncategorized\/skechers-skech-air-dynamight-fast-brak\/"},"modified":"2026-04-18T11:04:34","modified_gmt":"2026-04-18T11:04:34","slug":"skechers-skech-air-dynamight-fast-brak","status":"publish","type":"product","link":"https:\/\/cipele.ba\/en\/shop\/zene\/zenske-patike\/skechers-skech-air-dynamight-fast-brak\/","title":{"rendered":"Skechers SKECH-AIR DYNAMIGHT-FAST BRAK"},"content":{"rendered":"<p><!--googleoff: all--> <\/p>\n<p>SKECHERS SKECH-AIR DYNAMIGHT-FAST BRAK su \u017eenske lifestyle patike.<\/p>\n<p> SKECHERS obu\u0107a je izuzetno moderna, fleksibilna i udobna za svakodnevne aktivnosti i slobodno vrijeme. Gornji dio od vje\u0161ta\u010dke ko\u017ee i tekstila prijatno i lako obavija va\u0161a stopala, a u isto vrijeme im daje i potrebnu \u010dvrstinu. Mre\u017easti gornji panel daje odli\u010dnu prozra\u010dnost ovim patikama i dr\u017ei va\u0161a stopala suvim i svje\u017eim. Patike su sa klasi\u010dnim pertlanjem i udobnim dijelom ispod stopala. Logo SKECHERS na peti i jeziku jasno isti\u010de kom sportskom brendu najvi\u0161e vjerujete. Uklopite ove patike sa omiljenim farmerkama, trenerkom ili helankama, izbor je samo va\u0161. Gumeni \u0111on pru\u017ea odli\u010dno prianjajne i daje sigurnost i stabilnost va\u0161em koraku. <\/p>\n<p> Specifikacija: <\/p>\n<li>\u017denske lifestyle patike<\/li>\n<li>Sastav: vje\u0161ta\u010dka ko\u017ea <\/li>\n<li>Pertlanje<\/li>\n<li>Plitak profil<\/li>\n<li>SKECHERS logo<\/li>\n<li>Gumeni \u0111on <!--googleon: all--> <\/li>","protected":false},"excerpt":{"rendered":"<p>SKECHERS SKECH-AIR DYNAMIGHT-FAST BRAK su \u017eenske lifestyle patike. SKECHERS obu\u0107a je izuzetno moderna, fleksibilna i udobna za svakodnevne aktivnosti i slobodno vrijeme. Gornji dio od vje\u0161ta\u010dke ko\u017ee i tekstila prijatno i lako obavija va\u0161a stopala, a u isto vrijeme im daje i potrebnu \u010dvrstinu. Mre\u017easti gornji panel daje odli\u010dnu prozra\u010dnost ovim patikama i dr\u017ei va\u0161a [&hellip;]<\/p>","protected":false},"featured_media":31673,"template":"","meta":{"jetpack_post_was_ever_published":false},"product_brand":[111],"product_cat":[63],"product_tag":[],"class_list":{"0":"post-31677","1":"product","2":"type-product","3":"status-publish","4":"has-post-thumbnail","6":"product_brand-sport_reality","7":"product_cat-zenske-patike","9":"first","10":"instock","11":"sale","12":"shipping-taxable","13":"product-type-external"},"jetpack-related-posts":[],"jetpack_sharing_enabled":true,"_links":{"self":[{"href":"https:\/\/cipele.ba\/en\/wp-json\/wp\/v2\/product\/31677","targetHints":{"allow":["GET"]}}],"collection":[{"href":"https:\/\/cipele.ba\/en\/wp-json\/wp\/v2\/product"}],"about":[{"href":"https:\/\/cipele.ba\/en\/wp-json\/wp\/v2\/types\/product"}],"wp:featuredmedia":[{"embeddable":true,"href":"https:\/\/cipele.ba\/en\/wp-json\/wp\/v2\/media\/31673"}],"wp:attachment":[{"href":"https:\/\/cipele.ba\/en\/wp-json\/wp\/v2\/media?parent=31677"}],"wp:term":[{"taxonomy":"product_brand","embeddable":true,"href":"https:\/\/cipele.ba\/en\/wp-json\/wp\/v2\/product_brand?post=31677"},{"taxonomy":"product_cat","embeddable":true,"href":"https:\/\/cipele.ba\/en\/wp-json\/wp\/v2\/product_cat?post=31677"},{"taxonomy":"product_tag","embeddable":true,"href":"https:\/\/cipele.ba\/en\/wp-json\/wp\/v2\/product_tag?post=31677"}],"curies":[{"name":"wp","href":"https:\/\/api.w.org\/{rel}","templated":true}]}}