{"id":32887,"date":"2025-11-06T19:30:27","date_gmt":"2025-11-06T19:30:27","guid":{"rendered":"https:\/\/cipele.ba\/shop\/uncategorized\/cipele-spider-orange-s1-p-src\/"},"modified":"2026-04-16T02:56:21","modified_gmt":"2026-04-16T02:56:21","slug":"cipele-spider-orange-s1-p-src","status":"publish","type":"product","link":"https:\/\/cipele.ba\/en\/shop\/muskarci\/muske-cipele\/cipele-spider-orange-s1-p-src\/","title":{"rendered":"CIPELE SPIDER ORANGE S1-P SRC"},"content":{"rendered":"<p>EN ISO 20345: 2011 S1P SRC<br \/>moderni sportski dizajn<br \/>prikladne za slijede\u0107e poslove:keramicarski poslovi,odr\u017eavanje zelenih povr\u0161ina,fasaderski radovi ,mehani\u010darski poslovi i sli\u010dno<br \/>za\u0161tita prstiju od udara<br \/>za\u0161tita potplata od probijanja ( high flex )<br \/>gornji dio izra\u0111en od prozra\u010dne tkanine sa KPU umetcima<br \/>antistati\u010dne , za\u0161tita od ulja i drugih agresivnih kemikalija<br \/>posebna potpora u peti za bolju stabilnost<br \/>posebno oja\u010danje naprijed<br \/>specijalni protuklizni potplat izra\u0111en od poliuretana<br \/>veli\u010dine od 40 do 46<\/p>","protected":false},"excerpt":{"rendered":"<p>EN ISO 20345: 2011 S1P SRCmoderni sportski dizajnprikladne za slijede\u0107e poslove:keramicarski poslovi,odr\u017eavanje zelenih povr\u0161ina,fasaderski radovi ,mehani\u010darski poslovi i sli\u010dnoza\u0161tita prstiju od udaraza\u0161tita potplata od probijanja ( high flex )gornji dio izra\u0111en od prozra\u010dne tkanine sa KPU umetcimaantistati\u010dne , za\u0161tita od ulja i drugih agresivnih kemikalijaposebna potpora u peti za bolju stabilnostposebno oja\u010danje naprijedspecijalni protuklizni potplat [&hellip;]<\/p>","protected":false},"featured_media":32884,"template":"","meta":{"jetpack_post_was_ever_published":false},"product_brand":[112],"product_cat":[47],"product_tag":[],"class_list":{"0":"post-32887","1":"product","2":"type-product","3":"status-publish","4":"has-post-thumbnail","6":"product_brand-kapriol","7":"product_cat-muske-cipele","9":"first","10":"instock","11":"shipping-taxable","12":"product-type-external"},"jetpack-related-posts":[],"jetpack_sharing_enabled":true,"_links":{"self":[{"href":"https:\/\/cipele.ba\/en\/wp-json\/wp\/v2\/product\/32887","targetHints":{"allow":["GET"]}}],"collection":[{"href":"https:\/\/cipele.ba\/en\/wp-json\/wp\/v2\/product"}],"about":[{"href":"https:\/\/cipele.ba\/en\/wp-json\/wp\/v2\/types\/product"}],"wp:featuredmedia":[{"embeddable":true,"href":"https:\/\/cipele.ba\/en\/wp-json\/wp\/v2\/media\/32884"}],"wp:attachment":[{"href":"https:\/\/cipele.ba\/en\/wp-json\/wp\/v2\/media?parent=32887"}],"wp:term":[{"taxonomy":"product_brand","embeddable":true,"href":"https:\/\/cipele.ba\/en\/wp-json\/wp\/v2\/product_brand?post=32887"},{"taxonomy":"product_cat","embeddable":true,"href":"https:\/\/cipele.ba\/en\/wp-json\/wp\/v2\/product_cat?post=32887"},{"taxonomy":"product_tag","embeddable":true,"href":"https:\/\/cipele.ba\/en\/wp-json\/wp\/v2\/product_tag?post=32887"}],"curies":[{"name":"wp","href":"https:\/\/api.w.org\/{rel}","templated":true}]}}