{"id":32888,"date":"2025-11-06T19:30:27","date_gmt":"2025-11-06T19:30:27","guid":{"rendered":"https:\/\/cipele.ba\/shop\/uncategorized\/cipele-dart-o2-duboke-crno-orange\/"},"modified":"2026-04-18T11:23:50","modified_gmt":"2026-04-18T11:23:50","slug":"cipele-dart-o2-duboke-crno-orange","status":"publish","type":"product","link":"https:\/\/cipele.ba\/en\/shop\/muskarci\/muske-cipele\/cipele-dart-o2-duboke-crno-orange\/","title":{"rendered":"CIPELE DART O2 DUBOKE CRNO\/ORANGE"},"content":{"rendered":"<p>EN ISO 20347:2012 O2 FO SRC\u00a0<\/p>\n<p>za lagane radove gdje nema opasnosti ozljeda ili za outdoor aktivnosti\u00a0<\/p>\n<p>moderni sportski dizajn\u00a0<\/p>\n<p>vodootporan gornji dio cipele<\/p>\n<p><strong><em>model bez za\u0161titne kapice na prstima\u00a0<\/p>\n<p>posebno oja\u010danje na peti za bolju stabilnost stopala i zgloba\u00a0<br \/>specijalni protuklizni potplat izra\u0111en od poliuretana<br \/>\u010dvrsta sinteti\u010dka tkanina s prozra\u010dnom mre\u017eom<br \/>antistati\u010dne <br \/>za\u0161tita od ulja i drugih agresivnih kemikalija<br \/>te\u017eina: 1 cipela broj 42 te\u017ei 500 gr<br \/>regular fit ,\u00a0eva ulo\u017eak<\/p>\n<p><\/em><\/strong><\/p>\n<\/p><\/p>","protected":false},"excerpt":{"rendered":"<p>EN ISO 20347:2012 O2 FO SRC\u00a0 za lagane radove gdje nema opasnosti ozljeda ili za outdoor aktivnosti\u00a0 moderni sportski dizajn\u00a0 vodootporan gornji dio cipele model bez za\u0161titne kapice na prstima\u00a0 posebno oja\u010danje na peti za bolju stabilnost stopala i zgloba\u00a0specijalni protuklizni potplat izra\u0111en od poliuretana\u010dvrsta sinteti\u010dka tkanina s prozra\u010dnom mre\u017eomantistati\u010dne za\u0161tita od ulja i drugih [&hellip;]<\/p>","protected":false},"featured_media":32885,"template":"","meta":{"jetpack_post_was_ever_published":false},"product_brand":[112],"product_cat":[47],"product_tag":[],"class_list":{"0":"post-32888","1":"product","2":"type-product","3":"status-publish","4":"has-post-thumbnail","6":"product_brand-kapriol","7":"product_cat-muske-cipele","9":"first","10":"instock","11":"shipping-taxable","12":"product-type-external"},"jetpack-related-posts":[],"jetpack_sharing_enabled":true,"_links":{"self":[{"href":"https:\/\/cipele.ba\/en\/wp-json\/wp\/v2\/product\/32888","targetHints":{"allow":["GET"]}}],"collection":[{"href":"https:\/\/cipele.ba\/en\/wp-json\/wp\/v2\/product"}],"about":[{"href":"https:\/\/cipele.ba\/en\/wp-json\/wp\/v2\/types\/product"}],"wp:featuredmedia":[{"embeddable":true,"href":"https:\/\/cipele.ba\/en\/wp-json\/wp\/v2\/media\/32885"}],"wp:attachment":[{"href":"https:\/\/cipele.ba\/en\/wp-json\/wp\/v2\/media?parent=32888"}],"wp:term":[{"taxonomy":"product_brand","embeddable":true,"href":"https:\/\/cipele.ba\/en\/wp-json\/wp\/v2\/product_brand?post=32888"},{"taxonomy":"product_cat","embeddable":true,"href":"https:\/\/cipele.ba\/en\/wp-json\/wp\/v2\/product_cat?post=32888"},{"taxonomy":"product_tag","embeddable":true,"href":"https:\/\/cipele.ba\/en\/wp-json\/wp\/v2\/product_tag?post=32888"}],"curies":[{"name":"wp","href":"https:\/\/api.w.org\/{rel}","templated":true}]}}