{"id":32889,"date":"2025-11-06T19:30:27","date_gmt":"2025-11-06T19:30:27","guid":{"rendered":"https:\/\/cipele.ba\/shop\/uncategorized\/cipele-typhoon-sive-s1-p-src\/"},"modified":"2026-04-15T23:15:46","modified_gmt":"2026-04-15T23:15:46","slug":"cipele-typhoon-sive-s1-p-src","status":"publish","type":"product","link":"https:\/\/cipele.ba\/en\/shop\/muskarci\/muske-cipele\/cipele-typhoon-sive-s1-p-src\/","title":{"rendered":"CIPELE TYPHOON SIVE S1-P SRC"},"content":{"rendered":"<p>EN ISO 20345:2011 SRC<br \/>mekana bru\u0161ena ko\u017ea, otporna na rezanje i tro\u0161enje<br \/>iznimno lagane,fleksibilne i udobne<br \/>zbog male te\u017eine i fleksibilnosti prikladne za cjelodnevno no\u0161enje kako u otvorenim tako i u zatvorenim prostorijama<br \/>za\u0161tita prstiju od udara<br \/>ventilirajuce rupice osiguravaju prozracnost i smanjuju znojenje<br \/>specijalni protuklizni don otporan na ulja<br \/>antistaticne<br \/>velicine 40-47<\/p>","protected":false},"excerpt":{"rendered":"<p>EN ISO 20345:2011 SRCmekana bru\u0161ena ko\u017ea, otporna na rezanje i tro\u0161enjeiznimno lagane,fleksibilne i udobnezbog male te\u017eine i fleksibilnosti prikladne za cjelodnevno no\u0161enje kako u otvorenim tako i u zatvorenim prostorijamaza\u0161tita prstiju od udaraventilirajuce rupice osiguravaju prozracnost i smanjuju znojenjespecijalni protuklizni don otporan na uljaantistaticnevelicine 40-47<\/p>","protected":false},"featured_media":32886,"template":"","meta":{"jetpack_post_was_ever_published":false},"product_brand":[112],"product_cat":[47],"product_tag":[],"class_list":{"0":"post-32889","1":"product","2":"type-product","3":"status-publish","4":"has-post-thumbnail","6":"product_brand-kapriol","7":"product_cat-muske-cipele","9":"first","10":"instock","11":"shipping-taxable","12":"product-type-external"},"jetpack-related-posts":[],"jetpack_sharing_enabled":true,"_links":{"self":[{"href":"https:\/\/cipele.ba\/en\/wp-json\/wp\/v2\/product\/32889","targetHints":{"allow":["GET"]}}],"collection":[{"href":"https:\/\/cipele.ba\/en\/wp-json\/wp\/v2\/product"}],"about":[{"href":"https:\/\/cipele.ba\/en\/wp-json\/wp\/v2\/types\/product"}],"wp:featuredmedia":[{"embeddable":true,"href":"https:\/\/cipele.ba\/en\/wp-json\/wp\/v2\/media\/32886"}],"wp:attachment":[{"href":"https:\/\/cipele.ba\/en\/wp-json\/wp\/v2\/media?parent=32889"}],"wp:term":[{"taxonomy":"product_brand","embeddable":true,"href":"https:\/\/cipele.ba\/en\/wp-json\/wp\/v2\/product_brand?post=32889"},{"taxonomy":"product_cat","embeddable":true,"href":"https:\/\/cipele.ba\/en\/wp-json\/wp\/v2\/product_cat?post=32889"},{"taxonomy":"product_tag","embeddable":true,"href":"https:\/\/cipele.ba\/en\/wp-json\/wp\/v2\/product_tag?post=32889"}],"curies":[{"name":"wp","href":"https:\/\/api.w.org\/{rel}","templated":true}]}}