{"id":32892,"date":"2025-11-06T19:30:30","date_gmt":"2025-11-06T19:30:30","guid":{"rendered":"https:\/\/cipele.ba\/shop\/uncategorized\/cipele-duboke-kansas-no-safety-crne\/"},"modified":"2026-04-18T11:01:15","modified_gmt":"2026-04-18T11:01:15","slug":"cipele-duboke-kansas-no-safety-crne","status":"publish","type":"product","link":"https:\/\/cipele.ba\/en\/shop\/muskarci\/muske-cipele\/cipele-duboke-kansas-no-safety-crne\/","title":{"rendered":"CIPELE DUBOKE KANSAS &#8211; no safety crne"},"content":{"rendered":"<p>cipele dizajnirane iz svijeta urban i outdoor aktivnosti<br \/>odli\u010dna udobnost i maksimalna za\u0161tita<br \/><strong>model bez za\u0161titne kapice naprijed <br \/>gornji\u0161te je izra\u0111eno od WRU Nubuck ko\u017ee sa sinteti\u010dnim umetcima i nylon slojem ispod<br \/>protuklizni \u0111on PU\/PU sa reljefom za brzo \u010di\u0161\u0107enje<br \/>metalne kukice za brzo vezivanje i skidanje obu\u0107e<br \/>posebna gumena za\u0161tita naprijed za dodatnu udobnost<br \/>oblo\u017eeni jezik i podru\u010dje zgloba za maksimalnu udobnost<br \/>veli\u010dine od 40-47<\/strong><\/p>","protected":false},"excerpt":{"rendered":"<p>cipele dizajnirane iz svijeta urban i outdoor aktivnostiodli\u010dna udobnost i maksimalna za\u0161titamodel bez za\u0161titne kapice naprijed gornji\u0161te je izra\u0111eno od WRU Nubuck ko\u017ee sa sinteti\u010dnim umetcima i nylon slojem ispodprotuklizni \u0111on PU\/PU sa reljefom za brzo \u010di\u0161\u0107enjemetalne kukice za brzo vezivanje i skidanje obu\u0107eposebna gumena za\u0161tita naprijed za dodatnu udobnostoblo\u017eeni jezik i podru\u010dje zgloba za [&hellip;]<\/p>","protected":false},"featured_media":32890,"template":"","meta":{"jetpack_post_was_ever_published":false},"product_brand":[112],"product_cat":[47],"product_tag":[],"class_list":{"0":"post-32892","1":"product","2":"type-product","3":"status-publish","4":"has-post-thumbnail","6":"product_brand-kapriol","7":"product_cat-muske-cipele","9":"first","10":"instock","11":"shipping-taxable","12":"product-type-external"},"jetpack-related-posts":[],"jetpack_sharing_enabled":true,"_links":{"self":[{"href":"https:\/\/cipele.ba\/en\/wp-json\/wp\/v2\/product\/32892","targetHints":{"allow":["GET"]}}],"collection":[{"href":"https:\/\/cipele.ba\/en\/wp-json\/wp\/v2\/product"}],"about":[{"href":"https:\/\/cipele.ba\/en\/wp-json\/wp\/v2\/types\/product"}],"wp:featuredmedia":[{"embeddable":true,"href":"https:\/\/cipele.ba\/en\/wp-json\/wp\/v2\/media\/32890"}],"wp:attachment":[{"href":"https:\/\/cipele.ba\/en\/wp-json\/wp\/v2\/media?parent=32892"}],"wp:term":[{"taxonomy":"product_brand","embeddable":true,"href":"https:\/\/cipele.ba\/en\/wp-json\/wp\/v2\/product_brand?post=32892"},{"taxonomy":"product_cat","embeddable":true,"href":"https:\/\/cipele.ba\/en\/wp-json\/wp\/v2\/product_cat?post=32892"},{"taxonomy":"product_tag","embeddable":true,"href":"https:\/\/cipele.ba\/en\/wp-json\/wp\/v2\/product_tag?post=32892"}],"curies":[{"name":"wp","href":"https:\/\/api.w.org\/{rel}","templated":true}]}}