{"id":32893,"date":"2025-11-06T19:30:30","date_gmt":"2025-11-06T19:30:30","guid":{"rendered":"https:\/\/cipele.ba\/shop\/uncategorized\/cipele-nebraska-duboke-s3-src\/"},"modified":"2026-04-18T11:23:57","modified_gmt":"2026-04-18T11:23:57","slug":"cipele-nebraska-duboke-s3-src","status":"publish","type":"product","link":"https:\/\/cipele.ba\/en\/shop\/muskarci\/muske-cipele\/cipele-nebraska-duboke-s3-src\/","title":{"rendered":"CIPELE NEBRASKA DUBOKE S3 SRC"},"content":{"rendered":"<p>EN ISO 20345:2011 S3 SRC<br \/>fleksibilne i udobne za\u0161titne cipele<br \/>mekani spu\u017evasti jezik,mekano podru\u010dje oko zgloba<br \/>metalne kukice za brzo skidanje i brzo stezanje<br \/>za\u0161tita prstiju od udara i tabanice od probijanja<br \/>gornji\u0161te od bru\u0161ene ko\u017ee sa sinteti\u010dnim umetcima<br \/>regular fit<br \/>iznimno lagane,te\u017eina za broj 42 &#8211; 630 gr (1 komad)<br \/>specijalni protuklizni potplat izra\u0111en od poliuretana<br \/>podignuti prednji dio potplata za dodatnu za\u0161titu<br \/>otporan na ulja i kemikalije, antistati\u010dan<br \/>dostupne veli\u010dine od 38 do 47<\/p>","protected":false},"excerpt":{"rendered":"<p>EN ISO 20345:2011 S3 SRCfleksibilne i udobne za\u0161titne cipelemekani spu\u017evasti jezik,mekano podru\u010dje oko zglobametalne kukice za brzo skidanje i brzo stezanjeza\u0161tita prstiju od udara i tabanice od probijanjagornji\u0161te od bru\u0161ene ko\u017ee sa sinteti\u010dnim umetcimaregular fitiznimno lagane,te\u017eina za broj 42 &#8211; 630 gr (1 komad)specijalni protuklizni potplat izra\u0111en od poliuretanapodignuti prednji dio potplata za dodatnu za\u0161tituotporan [&hellip;]<\/p>","protected":false},"featured_media":32891,"template":"","meta":{"jetpack_post_was_ever_published":false},"product_brand":[112],"product_cat":[47],"product_tag":[],"class_list":{"0":"post-32893","1":"product","2":"type-product","3":"status-publish","4":"has-post-thumbnail","6":"product_brand-kapriol","7":"product_cat-muske-cipele","9":"first","10":"instock","11":"shipping-taxable","12":"product-type-external"},"jetpack-related-posts":[],"jetpack_sharing_enabled":true,"_links":{"self":[{"href":"https:\/\/cipele.ba\/en\/wp-json\/wp\/v2\/product\/32893","targetHints":{"allow":["GET"]}}],"collection":[{"href":"https:\/\/cipele.ba\/en\/wp-json\/wp\/v2\/product"}],"about":[{"href":"https:\/\/cipele.ba\/en\/wp-json\/wp\/v2\/types\/product"}],"wp:featuredmedia":[{"embeddable":true,"href":"https:\/\/cipele.ba\/en\/wp-json\/wp\/v2\/media\/32891"}],"wp:attachment":[{"href":"https:\/\/cipele.ba\/en\/wp-json\/wp\/v2\/media?parent=32893"}],"wp:term":[{"taxonomy":"product_brand","embeddable":true,"href":"https:\/\/cipele.ba\/en\/wp-json\/wp\/v2\/product_brand?post=32893"},{"taxonomy":"product_cat","embeddable":true,"href":"https:\/\/cipele.ba\/en\/wp-json\/wp\/v2\/product_cat?post=32893"},{"taxonomy":"product_tag","embeddable":true,"href":"https:\/\/cipele.ba\/en\/wp-json\/wp\/v2\/product_tag?post=32893"}],"curies":[{"name":"wp","href":"https:\/\/api.w.org\/{rel}","templated":true}]}}