{"id":32901,"date":"2025-11-06T19:30:33","date_gmt":"2025-11-06T19:30:33","guid":{"rendered":"https:\/\/cipele.ba\/shop\/uncategorized\/cipele-patrol-duboke-s3-src\/"},"modified":"2026-04-18T11:24:01","modified_gmt":"2026-04-18T11:24:01","slug":"cipele-patrol-duboke-s3-src","status":"publish","type":"product","link":"https:\/\/cipele.ba\/en\/shop\/muskarci\/muske-cipele\/cipele-patrol-duboke-s3-src\/","title":{"rendered":"CIPELE PATROL DUBOKE S3 SRC"},"content":{"rendered":"<p>za\u0161titne cipele sa iznimno tvrdom i kvalitetnom Suede ko\u017eom otpornom na tro\u0161enje<br \/>water resistant ko\u017ea<br \/>antistaticne<br \/>za\u0161tita prstiju od udara, za\u0161tita potplata od probijanja<br \/>specijalni protuklizni potplat otporan na ulja i maziva, izraden od poliuretana ( PU )<br \/>metalne kukice za brzo vezanje \/ skidanje obuce<br \/>velicine od 40 do 46<\/p>","protected":false},"excerpt":{"rendered":"<p>za\u0161titne cipele sa iznimno tvrdom i kvalitetnom Suede ko\u017eom otpornom na tro\u0161enjewater resistant ko\u017eaantistaticneza\u0161tita prstiju od udara, za\u0161tita potplata od probijanjaspecijalni protuklizni potplat otporan na ulja i maziva, izraden od poliuretana ( PU )metalne kukice za brzo vezanje \/ skidanje obucevelicine od 40 do 46<\/p>","protected":false},"featured_media":32900,"template":"","meta":{"jetpack_post_was_ever_published":false},"product_brand":[112],"product_cat":[47],"product_tag":[],"class_list":{"0":"post-32901","1":"product","2":"type-product","3":"status-publish","4":"has-post-thumbnail","6":"product_brand-kapriol","7":"product_cat-muske-cipele","9":"first","10":"instock","11":"shipping-taxable","12":"product-type-external"},"jetpack-related-posts":[],"jetpack_sharing_enabled":true,"_links":{"self":[{"href":"https:\/\/cipele.ba\/en\/wp-json\/wp\/v2\/product\/32901","targetHints":{"allow":["GET"]}}],"collection":[{"href":"https:\/\/cipele.ba\/en\/wp-json\/wp\/v2\/product"}],"about":[{"href":"https:\/\/cipele.ba\/en\/wp-json\/wp\/v2\/types\/product"}],"wp:featuredmedia":[{"embeddable":true,"href":"https:\/\/cipele.ba\/en\/wp-json\/wp\/v2\/media\/32900"}],"wp:attachment":[{"href":"https:\/\/cipele.ba\/en\/wp-json\/wp\/v2\/media?parent=32901"}],"wp:term":[{"taxonomy":"product_brand","embeddable":true,"href":"https:\/\/cipele.ba\/en\/wp-json\/wp\/v2\/product_brand?post=32901"},{"taxonomy":"product_cat","embeddable":true,"href":"https:\/\/cipele.ba\/en\/wp-json\/wp\/v2\/product_cat?post=32901"},{"taxonomy":"product_tag","embeddable":true,"href":"https:\/\/cipele.ba\/en\/wp-json\/wp\/v2\/product_tag?post=32901"}],"curies":[{"name":"wp","href":"https:\/\/api.w.org\/{rel}","templated":true}]}}