{"id":32905,"date":"2025-11-06T19:30:35","date_gmt":"2025-11-06T19:30:35","guid":{"rendered":"https:\/\/cipele.ba\/shop\/uncategorized\/cipele-hornet-duboke-s3\/"},"modified":"2026-04-15T15:53:21","modified_gmt":"2026-04-15T15:53:21","slug":"cipele-hornet-duboke-s3","status":"publish","type":"product","link":"https:\/\/cipele.ba\/en\/shop\/muskarci\/muske-cipele\/cipele-hornet-duboke-s3\/","title":{"rendered":"CIPELE HORNET DUBOKE S3"},"content":{"rendered":"<p>EN ISO 20345:2022\u00a0<\/p>\n<p>S3 FO SR\u00a0<\/p>\n<p>vodootporno gornji\u0161te izradeno od ko\u017ee,<br \/>celicna za\u0161tita prstiju od udara, inox za\u0161tita potplata od probijanja<br \/>lagane i fleksibilne<br \/>protuklizni don od poliuretana otporan na ulje i druge agresivne kemikalije<br \/>reflektirajuci umetci za odlicnu vidljivost nocu<br \/>antistaticne<br \/>velicine od 38-46<\/p><\/p>","protected":false},"excerpt":{"rendered":"<p>EN ISO 20345:2022\u00a0 S3 FO SR\u00a0 vodootporno gornji\u0161te izradeno od ko\u017ee,celicna za\u0161tita prstiju od udara, inox za\u0161tita potplata od probijanjalagane i fleksibilneprotuklizni don od poliuretana otporan na ulje i druge agresivne kemikalijereflektirajuci umetci za odlicnu vidljivost nocuantistaticnevelicine od 38-46<\/p>","protected":false},"featured_media":32903,"template":"","meta":{"jetpack_post_was_ever_published":false},"product_brand":[112],"product_cat":[47],"product_tag":[],"class_list":{"0":"post-32905","1":"product","2":"type-product","3":"status-publish","4":"has-post-thumbnail","6":"product_brand-kapriol","7":"product_cat-muske-cipele","9":"first","10":"instock","11":"shipping-taxable","12":"product-type-external"},"jetpack-related-posts":[],"jetpack_sharing_enabled":true,"_links":{"self":[{"href":"https:\/\/cipele.ba\/en\/wp-json\/wp\/v2\/product\/32905","targetHints":{"allow":["GET"]}}],"collection":[{"href":"https:\/\/cipele.ba\/en\/wp-json\/wp\/v2\/product"}],"about":[{"href":"https:\/\/cipele.ba\/en\/wp-json\/wp\/v2\/types\/product"}],"wp:featuredmedia":[{"embeddable":true,"href":"https:\/\/cipele.ba\/en\/wp-json\/wp\/v2\/media\/32903"}],"wp:attachment":[{"href":"https:\/\/cipele.ba\/en\/wp-json\/wp\/v2\/media?parent=32905"}],"wp:term":[{"taxonomy":"product_brand","embeddable":true,"href":"https:\/\/cipele.ba\/en\/wp-json\/wp\/v2\/product_brand?post=32905"},{"taxonomy":"product_cat","embeddable":true,"href":"https:\/\/cipele.ba\/en\/wp-json\/wp\/v2\/product_cat?post=32905"},{"taxonomy":"product_tag","embeddable":true,"href":"https:\/\/cipele.ba\/en\/wp-json\/wp\/v2\/product_tag?post=32905"}],"curies":[{"name":"wp","href":"https:\/\/api.w.org\/{rel}","templated":true}]}}