{"id":32907,"date":"2025-11-06T19:30:36","date_gmt":"2025-11-06T19:30:36","guid":{"rendered":"https:\/\/cipele.ba\/shop\/uncategorized\/cipele-aries-duboke-s3-src\/"},"modified":"2026-04-20T04:50:07","modified_gmt":"2026-04-20T04:50:07","slug":"cipele-aries-duboke-s3-src","status":"publish","type":"product","link":"https:\/\/cipele.ba\/en\/shop\/muskarci\/muske-cipele\/cipele-aries-duboke-s3-src\/","title":{"rendered":"CIPELE ARIES DUBOKE S3 SRC"},"content":{"rendered":"<p>EN ISO 20345:2011 S3 SRC<\/p>\n<p>robusne za\u0161titne cipele za sve radne uvjete cak i u blizini ulja i masti<br \/>gornji\u0161te izradeno od sinteticne vodootporne ko\u017ee<br \/>potplan izraden od poliuretana<br \/>za\u0161tita prstiju od udara i tabanice od probijanja<br \/>oblo\u017eeni mekani dio u podrucju gle\u017enja<br \/>velicine od 40-46<\/p>","protected":false},"excerpt":{"rendered":"<p>EN ISO 20345:2011 S3 SRC robusne za\u0161titne cipele za sve radne uvjete cak i u blizini ulja i mastigornji\u0161te izradeno od sinteticne vodootporne ko\u017eepotplan izraden od poliuretanaza\u0161tita prstiju od udara i tabanice od probijanjaoblo\u017eeni mekani dio u podrucju gle\u017enjavelicine od 40-46<\/p>","protected":false},"featured_media":32906,"template":"","meta":{"jetpack_post_was_ever_published":false},"product_brand":[112],"product_cat":[47],"product_tag":[],"class_list":{"0":"post-32907","1":"product","2":"type-product","3":"status-publish","4":"has-post-thumbnail","6":"product_brand-kapriol","7":"product_cat-muske-cipele","9":"first","10":"instock","11":"shipping-taxable","12":"product-type-external"},"jetpack-related-posts":[],"jetpack_sharing_enabled":true,"_links":{"self":[{"href":"https:\/\/cipele.ba\/en\/wp-json\/wp\/v2\/product\/32907","targetHints":{"allow":["GET"]}}],"collection":[{"href":"https:\/\/cipele.ba\/en\/wp-json\/wp\/v2\/product"}],"about":[{"href":"https:\/\/cipele.ba\/en\/wp-json\/wp\/v2\/types\/product"}],"wp:featuredmedia":[{"embeddable":true,"href":"https:\/\/cipele.ba\/en\/wp-json\/wp\/v2\/media\/32906"}],"wp:attachment":[{"href":"https:\/\/cipele.ba\/en\/wp-json\/wp\/v2\/media?parent=32907"}],"wp:term":[{"taxonomy":"product_brand","embeddable":true,"href":"https:\/\/cipele.ba\/en\/wp-json\/wp\/v2\/product_brand?post=32907"},{"taxonomy":"product_cat","embeddable":true,"href":"https:\/\/cipele.ba\/en\/wp-json\/wp\/v2\/product_cat?post=32907"},{"taxonomy":"product_tag","embeddable":true,"href":"https:\/\/cipele.ba\/en\/wp-json\/wp\/v2\/product_tag?post=32907"}],"curies":[{"name":"wp","href":"https:\/\/api.w.org\/{rel}","templated":true}]}}