{"id":32918,"date":"2025-11-06T19:34:57","date_gmt":"2025-11-06T19:34:57","guid":{"rendered":"https:\/\/cipele.ba\/shop\/uncategorized\/tenisice-hiking-zelene\/"},"modified":"2026-04-16T00:54:09","modified_gmt":"2026-04-16T00:54:09","slug":"tenisice-hiking-zelene","status":"publish","type":"product","link":"https:\/\/cipele.ba\/en\/shop\/muskarci\/muske-patike\/tenisice-hiking-zelene\/","title":{"rendered":"TENISICE HIKING ZELENE"},"content":{"rendered":"<p>novi model tenisica premium kvalitete<br \/>iznimno lagane i udobne<br \/>gornji dio izraden od prozracne tkanine sa PU umetcima<br \/>mekani spu\u017evasti jezik i podstavljeno podrucje oko zgloba<br \/>potplat velike debljine za maksimalnu amortizaciju udara na petu i stopalo<br \/>gumeni potplat za odlican grip na raznim povr\u0161inama<br \/>posebno ojacanje na vrhu tenisice za povecanu otpornost i dugotrojano kori\u0161tenje<br \/>ventilirajuca unutra\u0161njost smanjuje znojenje i pojavu neugodnih mirisa<br \/>velicine od 40 do 46<\/p>","protected":false},"excerpt":{"rendered":"<p>novi model tenisica premium kvaliteteiznimno lagane i udobnegornji dio izraden od prozracne tkanine sa PU umetcimamekani spu\u017evasti jezik i podstavljeno podrucje oko zglobapotplat velike debljine za maksimalnu amortizaciju udara na petu i stopalogumeni potplat za odlican grip na raznim povr\u0161inamaposebno ojacanje na vrhu tenisice za povecanu otpornost i dugotrojano kori\u0161tenjeventilirajuca unutra\u0161njost smanjuje znojenje i pojavu [&hellip;]<\/p>","protected":false},"featured_media":32915,"template":"","meta":{"jetpack_post_was_ever_published":false},"product_brand":[112],"product_cat":[67],"product_tag":[],"class_list":{"0":"post-32918","1":"product","2":"type-product","3":"status-publish","4":"has-post-thumbnail","6":"product_brand-kapriol","7":"product_cat-muske-patike","9":"first","10":"instock","11":"shipping-taxable","12":"product-type-external"},"jetpack-related-posts":[],"jetpack_sharing_enabled":true,"_links":{"self":[{"href":"https:\/\/cipele.ba\/en\/wp-json\/wp\/v2\/product\/32918","targetHints":{"allow":["GET"]}}],"collection":[{"href":"https:\/\/cipele.ba\/en\/wp-json\/wp\/v2\/product"}],"about":[{"href":"https:\/\/cipele.ba\/en\/wp-json\/wp\/v2\/types\/product"}],"wp:featuredmedia":[{"embeddable":true,"href":"https:\/\/cipele.ba\/en\/wp-json\/wp\/v2\/media\/32915"}],"wp:attachment":[{"href":"https:\/\/cipele.ba\/en\/wp-json\/wp\/v2\/media?parent=32918"}],"wp:term":[{"taxonomy":"product_brand","embeddable":true,"href":"https:\/\/cipele.ba\/en\/wp-json\/wp\/v2\/product_brand?post=32918"},{"taxonomy":"product_cat","embeddable":true,"href":"https:\/\/cipele.ba\/en\/wp-json\/wp\/v2\/product_cat?post=32918"},{"taxonomy":"product_tag","embeddable":true,"href":"https:\/\/cipele.ba\/en\/wp-json\/wp\/v2\/product_tag?post=32918"}],"curies":[{"name":"wp","href":"https:\/\/api.w.org\/{rel}","templated":true}]}}