{"id":32923,"date":"2025-11-06T19:35:00","date_gmt":"2025-11-06T19:35:00","guid":{"rendered":"https:\/\/cipele.ba\/shop\/uncategorized\/cipele-duboke-hik\/"},"modified":"2026-04-16T01:21:10","modified_gmt":"2026-04-16T01:21:10","slug":"cipele-duboke-hik","status":"publish","type":"product","link":"https:\/\/cipele.ba\/en\/shop\/muskarci\/muske-patike\/cipele-duboke-hik\/","title":{"rendered":"CIPELE DUBOKE HIK"},"content":{"rendered":"<p>moderni sportski izgled tenisice <br \/>za slobodno vrijeme ili lagane vrste radove gdje nema opasnosti od ozljeda <br \/>gornji\u0161te : kombinacija tkanina + microfibre <br \/>gornji dio iznimno otporan na temperaturne promjene <br \/>srednji dio izra\u0111en od EVA materijala kako bi se osigurala mala te\u017eina i fleksibilnost <br \/>donji dio \u0111ona \u010dini gumeni sloj kako bi se osigurala stabilnost i protuklizna svojstva <br \/>visoki \u0111on za komfor i stabilnost stopala <br \/>dvostruka potpora za petu radi stabilnosti zglobova i koljena <br \/>REGULAR FIT <br \/>mekani oblo\u017eeni spu\u017evasti dio u podru\u010dju zgloba i jezika<br \/>tamno sive vezice sa detaljima narand\u017easte <br \/>crna podstava unutra\u0161njosti cipele<\/p>","protected":false},"excerpt":{"rendered":"<p>moderni sportski izgled tenisice za slobodno vrijeme ili lagane vrste radove gdje nema opasnosti od ozljeda gornji\u0161te : kombinacija tkanina + microfibre gornji dio iznimno otporan na temperaturne promjene srednji dio izra\u0111en od EVA materijala kako bi se osigurala mala te\u017eina i fleksibilnost donji dio \u0111ona \u010dini gumeni sloj kako bi se osigurala stabilnost i [&hellip;]<\/p>","protected":false},"featured_media":32921,"template":"","meta":{"jetpack_post_was_ever_published":false},"product_brand":[112],"product_cat":[67],"product_tag":[],"class_list":{"0":"post-32923","1":"product","2":"type-product","3":"status-publish","4":"has-post-thumbnail","6":"product_brand-kapriol","7":"product_cat-muske-patike","9":"first","10":"instock","11":"shipping-taxable","12":"product-type-external"},"jetpack-related-posts":[],"jetpack_sharing_enabled":true,"_links":{"self":[{"href":"https:\/\/cipele.ba\/en\/wp-json\/wp\/v2\/product\/32923","targetHints":{"allow":["GET"]}}],"collection":[{"href":"https:\/\/cipele.ba\/en\/wp-json\/wp\/v2\/product"}],"about":[{"href":"https:\/\/cipele.ba\/en\/wp-json\/wp\/v2\/types\/product"}],"wp:featuredmedia":[{"embeddable":true,"href":"https:\/\/cipele.ba\/en\/wp-json\/wp\/v2\/media\/32921"}],"wp:attachment":[{"href":"https:\/\/cipele.ba\/en\/wp-json\/wp\/v2\/media?parent=32923"}],"wp:term":[{"taxonomy":"product_brand","embeddable":true,"href":"https:\/\/cipele.ba\/en\/wp-json\/wp\/v2\/product_brand?post=32923"},{"taxonomy":"product_cat","embeddable":true,"href":"https:\/\/cipele.ba\/en\/wp-json\/wp\/v2\/product_cat?post=32923"},{"taxonomy":"product_tag","embeddable":true,"href":"https:\/\/cipele.ba\/en\/wp-json\/wp\/v2\/product_tag?post=32923"}],"curies":[{"name":"wp","href":"https:\/\/api.w.org\/{rel}","templated":true}]}}