{"id":32925,"date":"2025-11-06T19:35:01","date_gmt":"2025-11-06T19:35:01","guid":{"rendered":"https:\/\/cipele.ba\/shop\/uncategorized\/tenisice-enduro-orange\/"},"modified":"2026-04-19T16:43:00","modified_gmt":"2026-04-19T16:43:00","slug":"tenisice-enduro-orange","status":"publish","type":"product","link":"https:\/\/cipele.ba\/en\/shop\/muskarci\/muske-patike\/tenisice-enduro-orange\/","title":{"rendered":"TENISICE ENDURO ORANGE"},"content":{"rendered":"<p>lagane, ali iznimno otporne tenisice, dizajnirane za maksimalan komfor i prilagodavanje svakom obliku stopala<br \/>izradene od kvalitetnih materijala<br \/>EVA srednji dio osigurava amortizaciju, apsorpciju energije, elasticnost i udobnost<br \/>odlican grip zahvaljujuci gumenom potplatu<br \/>gornji dio kombinacija nylona i ko\u017enih umetaka<br \/>mekani spu\u017evasti dio u podrucju jezika i zgloba<br \/>velicine od 40 do 46<\/p>\n<p>du\u017eina ulo\u0161ka :<\/p>\n<p>40 &#8211; 27,00 cm<\/p>\n<p>41 &#8211; 27,50 cm<\/p>\n<p>42 &#8211; 28,50 cm<\/p>\n<p>43 &#8211; 29,00 cm<\/p>\n<p>44 &#8211; 29,50 cm<\/p>\n<p>45 &#8211; 30,00 cm<\/p>\n<p>46 &#8211; 30,50 cm<\/p>\n<\/p>\n<\/p>\n<\/p><\/p>","protected":false},"excerpt":{"rendered":"<p>lagane, ali iznimno otporne tenisice, dizajnirane za maksimalan komfor i prilagodavanje svakom obliku stopalaizradene od kvalitetnih materijalaEVA srednji dio osigurava amortizaciju, apsorpciju energije, elasticnost i udobnostodlican grip zahvaljujuci gumenom potplatugornji dio kombinacija nylona i ko\u017enih umetakamekani spu\u017evasti dio u podrucju jezika i zglobavelicine od 40 do 46 du\u017eina ulo\u0161ka : 40 &#8211; 27,00 cm 41 [&hellip;]<\/p>","protected":false},"featured_media":32924,"template":"","meta":{"jetpack_post_was_ever_published":false},"product_brand":[112],"product_cat":[67],"product_tag":[],"class_list":{"0":"post-32925","1":"product","2":"type-product","3":"status-publish","4":"has-post-thumbnail","6":"product_brand-kapriol","7":"product_cat-muske-patike","9":"first","10":"instock","11":"shipping-taxable","12":"product-type-external"},"jetpack-related-posts":[],"jetpack_sharing_enabled":true,"_links":{"self":[{"href":"https:\/\/cipele.ba\/en\/wp-json\/wp\/v2\/product\/32925","targetHints":{"allow":["GET"]}}],"collection":[{"href":"https:\/\/cipele.ba\/en\/wp-json\/wp\/v2\/product"}],"about":[{"href":"https:\/\/cipele.ba\/en\/wp-json\/wp\/v2\/types\/product"}],"wp:featuredmedia":[{"embeddable":true,"href":"https:\/\/cipele.ba\/en\/wp-json\/wp\/v2\/media\/32924"}],"wp:attachment":[{"href":"https:\/\/cipele.ba\/en\/wp-json\/wp\/v2\/media?parent=32925"}],"wp:term":[{"taxonomy":"product_brand","embeddable":true,"href":"https:\/\/cipele.ba\/en\/wp-json\/wp\/v2\/product_brand?post=32925"},{"taxonomy":"product_cat","embeddable":true,"href":"https:\/\/cipele.ba\/en\/wp-json\/wp\/v2\/product_cat?post=32925"},{"taxonomy":"product_tag","embeddable":true,"href":"https:\/\/cipele.ba\/en\/wp-json\/wp\/v2\/product_tag?post=32925"}],"curies":[{"name":"wp","href":"https:\/\/api.w.org\/{rel}","templated":true}]}}