{"id":32927,"date":"2025-11-06T19:35:03","date_gmt":"2025-11-06T19:35:03","guid":{"rendered":"https:\/\/cipele.ba\/shop\/uncategorized\/tenisice-running-ret-sive\/"},"modified":"2026-04-18T09:21:40","modified_gmt":"2026-04-18T09:21:40","slug":"tenisice-running-ret-sive","status":"publish","type":"product","link":"https:\/\/cipele.ba\/en\/shop\/muskarci\/muske-patike\/tenisice-running-ret-sive\/","title":{"rendered":"TENISICE RUNNING RET SIVE"},"content":{"rendered":"<p>izuzetno robusna tenisica idealna za slobodno vrijeme ili radne aktivnosti gdje nema opasnosti od ozljeda <br \/>lagane i udobne tenisice sa odli\u010dnim gripom <br \/>prozra\u010dno sinteti\u010dko gornji\u0161te za maksimalnu ventilaciju stopala <br \/>izuzetno stabilan potplat zahvaljuju\u0107i krutim umetcima i gumenom gazi\u0161tu <br \/>me\u0111upotplat EVA koji apsorbira udarce i pru\u017ea izvrsnu udobnost<br \/>veli\u010dine od 40 do 46<\/p>\n<p><\/p><\/p>","protected":false},"excerpt":{"rendered":"<p>izuzetno robusna tenisica idealna za slobodno vrijeme ili radne aktivnosti gdje nema opasnosti od ozljeda lagane i udobne tenisice sa odli\u010dnim gripom prozra\u010dno sinteti\u010dko gornji\u0161te za maksimalnu ventilaciju stopala izuzetno stabilan potplat zahvaljuju\u0107i krutim umetcima i gumenom gazi\u0161tu me\u0111upotplat EVA koji apsorbira udarce i pru\u017ea izvrsnu udobnostveli\u010dine od 40 do 46<\/p>","protected":false},"featured_media":32926,"template":"","meta":{"jetpack_post_was_ever_published":false},"product_brand":[112],"product_cat":[67],"product_tag":[],"class_list":{"0":"post-32927","1":"product","2":"type-product","3":"status-publish","4":"has-post-thumbnail","6":"product_brand-kapriol","7":"product_cat-muske-patike","9":"first","10":"instock","11":"shipping-taxable","12":"product-type-external"},"jetpack-related-posts":[],"jetpack_sharing_enabled":true,"_links":{"self":[{"href":"https:\/\/cipele.ba\/en\/wp-json\/wp\/v2\/product\/32927","targetHints":{"allow":["GET"]}}],"collection":[{"href":"https:\/\/cipele.ba\/en\/wp-json\/wp\/v2\/product"}],"about":[{"href":"https:\/\/cipele.ba\/en\/wp-json\/wp\/v2\/types\/product"}],"wp:featuredmedia":[{"embeddable":true,"href":"https:\/\/cipele.ba\/en\/wp-json\/wp\/v2\/media\/32926"}],"wp:attachment":[{"href":"https:\/\/cipele.ba\/en\/wp-json\/wp\/v2\/media?parent=32927"}],"wp:term":[{"taxonomy":"product_brand","embeddable":true,"href":"https:\/\/cipele.ba\/en\/wp-json\/wp\/v2\/product_brand?post=32927"},{"taxonomy":"product_cat","embeddable":true,"href":"https:\/\/cipele.ba\/en\/wp-json\/wp\/v2\/product_cat?post=32927"},{"taxonomy":"product_tag","embeddable":true,"href":"https:\/\/cipele.ba\/en\/wp-json\/wp\/v2\/product_tag?post=32927"}],"curies":[{"name":"wp","href":"https:\/\/api.w.org\/{rel}","templated":true}]}}