{"id":32930,"date":"2025-11-06T19:35:04","date_gmt":"2025-11-06T19:35:04","guid":{"rendered":"https:\/\/cipele.ba\/shop\/uncategorized\/tenisice-jog-plave\/"},"modified":"2026-04-18T23:00:34","modified_gmt":"2026-04-18T23:00:34","slug":"tenisice-jog-plave","status":"publish","type":"product","link":"https:\/\/cipele.ba\/en\/shop\/muskarci\/muske-patike\/tenisice-jog-plave\/","title":{"rendered":"TENISICE JOG PLAVE"},"content":{"rendered":"<p>moderni sportski izgled\u00a0<br \/>za slobodno vrijeme ili lagane vrste radove gdje nema opasnosti od ozljeda <br \/>gornji\u0161te : kombinacija prozra\u010dna tkanina + TPU <br \/>srednji dio izra\u0111en od EVA materijala kako bi se osigurala mala te\u017eina i fleksibilnost <br \/>donji dio \u0111ona \u010dini gumeni sloj kako bi se osigurala stabilnost i protuklizna svojstva <br \/>visoki \u0111on za komfor i stabilnost stopala <br \/>REGULAR FIT <br \/>mekani oblo\u017eeni spu\u017evasti dio u podru\u010dju zgloba i jezika<br \/>plavo \u017eute vezice <br \/>crna podstava unutra\u0161njosti cipele <br \/>ventiliraju\u0107e rupice za prozra\u010dnost<\/p>\n<p>poja\u010danja cijelom du\u017einom cipele za dodatnu za\u0161titu i stabilnost\u00a0<\/p><\/p>","protected":false},"excerpt":{"rendered":"<p>moderni sportski izgled\u00a0za slobodno vrijeme ili lagane vrste radove gdje nema opasnosti od ozljeda gornji\u0161te : kombinacija prozra\u010dna tkanina + TPU srednji dio izra\u0111en od EVA materijala kako bi se osigurala mala te\u017eina i fleksibilnost donji dio \u0111ona \u010dini gumeni sloj kako bi se osigurala stabilnost i protuklizna svojstva visoki \u0111on za komfor i stabilnost [&hellip;]<\/p>","protected":false},"featured_media":32928,"template":"","meta":{"jetpack_post_was_ever_published":false},"product_brand":[112],"product_cat":[67],"product_tag":[],"class_list":{"0":"post-32930","1":"product","2":"type-product","3":"status-publish","4":"has-post-thumbnail","6":"product_brand-kapriol","7":"product_cat-muske-patike","9":"first","10":"instock","11":"shipping-taxable","12":"product-type-external"},"jetpack-related-posts":[],"jetpack_sharing_enabled":true,"_links":{"self":[{"href":"https:\/\/cipele.ba\/en\/wp-json\/wp\/v2\/product\/32930","targetHints":{"allow":["GET"]}}],"collection":[{"href":"https:\/\/cipele.ba\/en\/wp-json\/wp\/v2\/product"}],"about":[{"href":"https:\/\/cipele.ba\/en\/wp-json\/wp\/v2\/types\/product"}],"wp:featuredmedia":[{"embeddable":true,"href":"https:\/\/cipele.ba\/en\/wp-json\/wp\/v2\/media\/32928"}],"wp:attachment":[{"href":"https:\/\/cipele.ba\/en\/wp-json\/wp\/v2\/media?parent=32930"}],"wp:term":[{"taxonomy":"product_brand","embeddable":true,"href":"https:\/\/cipele.ba\/en\/wp-json\/wp\/v2\/product_brand?post=32930"},{"taxonomy":"product_cat","embeddable":true,"href":"https:\/\/cipele.ba\/en\/wp-json\/wp\/v2\/product_cat?post=32930"},{"taxonomy":"product_tag","embeddable":true,"href":"https:\/\/cipele.ba\/en\/wp-json\/wp\/v2\/product_tag?post=32930"}],"curies":[{"name":"wp","href":"https:\/\/api.w.org\/{rel}","templated":true}]}}