{"id":32952,"date":"2025-11-06T19:49:08","date_gmt":"2025-11-06T19:49:08","guid":{"rendered":"https:\/\/cipele.ba\/shop\/uncategorized\/arthur-kozne-muske-patike\/"},"modified":"2026-04-15T23:17:42","modified_gmt":"2026-04-15T23:17:42","slug":"arthur-kozne-muske-patike","status":"publish","type":"product","link":"https:\/\/cipele.ba\/en\/shop\/muskarci\/muske-patike\/arthur-kozne-muske-patike\/","title":{"rendered":"Arthur &#8211; Ko\u017ene Mu\u0161ke Patike"},"content":{"rendered":"","protected":false},"excerpt":{"rendered":"<p>100 % Ru\u010dna izrada100% prirodna ko\u017ea (Unutra\u0161nji i vanjski materijalOrtopedski dizajnirana unutra\u0161njostAnatomski ulo\u017eakUltra Light Eva \u0111on<\/p>","protected":false},"featured_media":32949,"template":"","meta":{"jetpack_post_was_ever_published":false},"product_brand":[113],"product_cat":[67],"product_tag":[],"class_list":{"0":"post-32952","1":"product","2":"type-product","3":"status-publish","4":"has-post-thumbnail","6":"product_brand-patix","7":"product_cat-muske-patike","9":"first","10":"instock","11":"sale","12":"shipping-taxable","13":"product-type-external"},"jetpack-related-posts":[],"jetpack_sharing_enabled":true,"_links":{"self":[{"href":"https:\/\/cipele.ba\/en\/wp-json\/wp\/v2\/product\/32952","targetHints":{"allow":["GET"]}}],"collection":[{"href":"https:\/\/cipele.ba\/en\/wp-json\/wp\/v2\/product"}],"about":[{"href":"https:\/\/cipele.ba\/en\/wp-json\/wp\/v2\/types\/product"}],"wp:featuredmedia":[{"embeddable":true,"href":"https:\/\/cipele.ba\/en\/wp-json\/wp\/v2\/media\/32949"}],"wp:attachment":[{"href":"https:\/\/cipele.ba\/en\/wp-json\/wp\/v2\/media?parent=32952"}],"wp:term":[{"taxonomy":"product_brand","embeddable":true,"href":"https:\/\/cipele.ba\/en\/wp-json\/wp\/v2\/product_brand?post=32952"},{"taxonomy":"product_cat","embeddable":true,"href":"https:\/\/cipele.ba\/en\/wp-json\/wp\/v2\/product_cat?post=32952"},{"taxonomy":"product_tag","embeddable":true,"href":"https:\/\/cipele.ba\/en\/wp-json\/wp\/v2\/product_tag?post=32952"}],"curies":[{"name":"wp","href":"https:\/\/api.w.org\/{rel}","templated":true}]}}