{"id":32982,"date":"2025-11-06T19:49:29","date_gmt":"2025-11-06T19:49:29","guid":{"rendered":"https:\/\/cipele.ba\/shop\/uncategorized\/denver-kozne-muske-patike\/"},"modified":"2026-04-16T01:15:06","modified_gmt":"2026-04-16T01:15:06","slug":"denver-kozne-muske-patike","status":"publish","type":"product","link":"https:\/\/cipele.ba\/en\/shop\/muskarci\/muske-patike\/denver-kozne-muske-patike\/","title":{"rendered":"Denver &#8211; Ko\u017ene Mu\u0161ke Patike"},"content":{"rendered":"","protected":false},"excerpt":{"rendered":"<p>Izrazite svoj stil Patix-ovim mu\u0161kim crnim ko\u017enim patikama na vezice sa debelim \u0111onom, koje kombinuju eleganciju i \u0161ik u jednom.\u201d Kod proizvoda: D1N1VR<br \/>\n&#8211; 100% Prirodna Ko\u017ea- 100 % Ru\u010dna izrada<\/p>","protected":false},"featured_media":32979,"template":"","meta":{"jetpack_post_was_ever_published":false},"product_brand":[113],"product_cat":[67],"product_tag":[],"class_list":{"0":"post-32982","1":"product","2":"type-product","3":"status-publish","4":"has-post-thumbnail","6":"product_brand-patix","7":"product_cat-muske-patike","9":"first","10":"instock","11":"sale","12":"shipping-taxable","13":"product-type-external"},"jetpack-related-posts":[],"jetpack_sharing_enabled":true,"_links":{"self":[{"href":"https:\/\/cipele.ba\/en\/wp-json\/wp\/v2\/product\/32982","targetHints":{"allow":["GET"]}}],"collection":[{"href":"https:\/\/cipele.ba\/en\/wp-json\/wp\/v2\/product"}],"about":[{"href":"https:\/\/cipele.ba\/en\/wp-json\/wp\/v2\/types\/product"}],"wp:featuredmedia":[{"embeddable":true,"href":"https:\/\/cipele.ba\/en\/wp-json\/wp\/v2\/media\/32979"}],"wp:attachment":[{"href":"https:\/\/cipele.ba\/en\/wp-json\/wp\/v2\/media?parent=32982"}],"wp:term":[{"taxonomy":"product_brand","embeddable":true,"href":"https:\/\/cipele.ba\/en\/wp-json\/wp\/v2\/product_brand?post=32982"},{"taxonomy":"product_cat","embeddable":true,"href":"https:\/\/cipele.ba\/en\/wp-json\/wp\/v2\/product_cat?post=32982"},{"taxonomy":"product_tag","embeddable":true,"href":"https:\/\/cipele.ba\/en\/wp-json\/wp\/v2\/product_tag?post=32982"}],"curies":[{"name":"wp","href":"https:\/\/api.w.org\/{rel}","templated":true}]}}