{"id":32998,"date":"2025-11-06T19:49:40","date_gmt":"2025-11-06T19:49:40","guid":{"rendered":"https:\/\/cipele.ba\/shop\/uncategorized\/fyodor-krokodil-kozne-patike-2\/"},"modified":"2026-04-19T07:46:15","modified_gmt":"2026-04-19T07:46:15","slug":"fyodor-krokodil-kozne-patike-2","status":"publish","type":"product","link":"https:\/\/cipele.ba\/en\/shop\/muskarci\/muske-patike\/fyodor-krokodil-kozne-patike-2\/","title":{"rendered":"Fyodor &#8211; Krokodil Ko\u017ene Patike"},"content":{"rendered":"","protected":false},"excerpt":{"rendered":"<p>-100% prirodna ko\u017ea-100% specijalni gel \u0111on-Mo\u017ee se koristiti u svim godi\u0161njim dobima-3,5 cm<\/p>","protected":false},"featured_media":32997,"template":"","meta":{"jetpack_post_was_ever_published":false},"product_brand":[113],"product_cat":[67],"product_tag":[],"class_list":{"0":"post-32998","1":"product","2":"type-product","3":"status-publish","4":"has-post-thumbnail","6":"product_brand-patix","7":"product_cat-muske-patike","9":"first","10":"instock","11":"sale","12":"shipping-taxable","13":"product-type-external"},"jetpack-related-posts":[],"jetpack_sharing_enabled":true,"_links":{"self":[{"href":"https:\/\/cipele.ba\/en\/wp-json\/wp\/v2\/product\/32998","targetHints":{"allow":["GET"]}}],"collection":[{"href":"https:\/\/cipele.ba\/en\/wp-json\/wp\/v2\/product"}],"about":[{"href":"https:\/\/cipele.ba\/en\/wp-json\/wp\/v2\/types\/product"}],"wp:featuredmedia":[{"embeddable":true,"href":"https:\/\/cipele.ba\/en\/wp-json\/wp\/v2\/media\/32997"}],"wp:attachment":[{"href":"https:\/\/cipele.ba\/en\/wp-json\/wp\/v2\/media?parent=32998"}],"wp:term":[{"taxonomy":"product_brand","embeddable":true,"href":"https:\/\/cipele.ba\/en\/wp-json\/wp\/v2\/product_brand?post=32998"},{"taxonomy":"product_cat","embeddable":true,"href":"https:\/\/cipele.ba\/en\/wp-json\/wp\/v2\/product_cat?post=32998"},{"taxonomy":"product_tag","embeddable":true,"href":"https:\/\/cipele.ba\/en\/wp-json\/wp\/v2\/product_tag?post=32998"}],"curies":[{"name":"wp","href":"https:\/\/api.w.org\/{rel}","templated":true}]}}