{"id":33002,"date":"2025-11-06T19:49:42","date_gmt":"2025-11-06T19:49:42","guid":{"rendered":"https:\/\/cipele.ba\/shop\/uncategorized\/garcia-kozne-muske-patike\/"},"modified":"2026-04-19T01:34:55","modified_gmt":"2026-04-19T01:34:55","slug":"garcia-kozne-muske-patike","status":"publish","type":"product","link":"https:\/\/cipele.ba\/en\/shop\/muskarci\/muske-patike\/garcia-kozne-muske-patike\/","title":{"rendered":"Garcia &#8211; Ko\u017ene Mu\u0161ke Patike"},"content":{"rendered":"<p>\ud83d\udc5f Bezvremenska elegancija i maksimalna udobnost!<br \/>\nOve cipele u savr\u0161enoj kombinaciji bijele i tabe ko\u017ee izra\u0111ene su od visokokvalitetne prirodne ko\u017ee, s fokusom na udobnost tokom cijelog dana.<br \/>\n\u2714\ufe0f Prozra\u010dan materijal\u2714\ufe0f Mekana unutra\u0161njost\u2714\ufe0f Fleksibilan i izdr\u017eljiv gumeni \u0111on<br \/>\nIdealan izbor za mu\u0161karce koji \u017eele spoj stila i komfora u svakodnevnom izdanju!<\/p>","protected":false},"excerpt":{"rendered":"<p>\ud83d\udc5f Bezvremenska elegancija i maksimalna udobnost! Ove cipele u savr\u0161enoj kombinaciji bijele i tabe ko\u017ee izra\u0111ene su od visokokvalitetne prirodne ko\u017ee, s fokusom na udobnost tokom cijelog dana. \u2714\ufe0f Prozra\u010dan materijal\u2714\ufe0f Mekana unutra\u0161njost\u2714\ufe0f Fleksibilan i izdr\u017eljiv gumeni \u0111on Idealan izbor za mu\u0161karce koji \u017eele spoj stila i komfora u svakodnevnom izdanju!<\/p>","protected":false},"featured_media":32999,"template":"","meta":{"jetpack_post_was_ever_published":false},"product_brand":[113],"product_cat":[67],"product_tag":[],"class_list":{"0":"post-33002","1":"product","2":"type-product","3":"status-publish","4":"has-post-thumbnail","6":"product_brand-patix","7":"product_cat-muske-patike","9":"first","10":"instock","11":"sale","12":"shipping-taxable","13":"product-type-external"},"jetpack-related-posts":[],"jetpack_sharing_enabled":true,"_links":{"self":[{"href":"https:\/\/cipele.ba\/en\/wp-json\/wp\/v2\/product\/33002","targetHints":{"allow":["GET"]}}],"collection":[{"href":"https:\/\/cipele.ba\/en\/wp-json\/wp\/v2\/product"}],"about":[{"href":"https:\/\/cipele.ba\/en\/wp-json\/wp\/v2\/types\/product"}],"wp:featuredmedia":[{"embeddable":true,"href":"https:\/\/cipele.ba\/en\/wp-json\/wp\/v2\/media\/32999"}],"wp:attachment":[{"href":"https:\/\/cipele.ba\/en\/wp-json\/wp\/v2\/media?parent=33002"}],"wp:term":[{"taxonomy":"product_brand","embeddable":true,"href":"https:\/\/cipele.ba\/en\/wp-json\/wp\/v2\/product_brand?post=33002"},{"taxonomy":"product_cat","embeddable":true,"href":"https:\/\/cipele.ba\/en\/wp-json\/wp\/v2\/product_cat?post=33002"},{"taxonomy":"product_tag","embeddable":true,"href":"https:\/\/cipele.ba\/en\/wp-json\/wp\/v2\/product_tag?post=33002"}],"curies":[{"name":"wp","href":"https:\/\/api.w.org\/{rel}","templated":true}]}}