{"id":33010,"date":"2025-11-06T19:49:47","date_gmt":"2025-11-06T19:49:47","guid":{"rendered":"https:\/\/cipele.ba\/shop\/uncategorized\/haven-kozne-muske-patike-3\/"},"modified":"2026-04-19T02:58:28","modified_gmt":"2026-04-19T02:58:28","slug":"haven-kozne-muske-patike-3","status":"publish","type":"product","link":"https:\/\/cipele.ba\/en\/shop\/muskarci\/muske-patike\/haven-kozne-muske-patike-3\/","title":{"rendered":"Haven &#8211; Ko\u017ene Mu\u0161ke Patike"},"content":{"rendered":"","protected":false},"excerpt":{"rendered":"<p>Kalup: Standardni \/ Potpuni kalupVanjski materijal: Prava ko\u017eaUnutra\u0161nji materijal: Prava ko\u017eaVisina pete: 5 cmMaterijal \u0111ona: Guma \u0111on100 % Ru\u010dna izrada<\/p>","protected":false},"featured_media":33009,"template":"","meta":{"jetpack_post_was_ever_published":false},"product_brand":[113],"product_cat":[67],"product_tag":[],"class_list":{"0":"post-33010","1":"product","2":"type-product","3":"status-publish","4":"has-post-thumbnail","6":"product_brand-patix","7":"product_cat-muske-patike","9":"first","10":"instock","11":"sale","12":"shipping-taxable","13":"product-type-external"},"jetpack-related-posts":[],"jetpack_sharing_enabled":true,"_links":{"self":[{"href":"https:\/\/cipele.ba\/en\/wp-json\/wp\/v2\/product\/33010","targetHints":{"allow":["GET"]}}],"collection":[{"href":"https:\/\/cipele.ba\/en\/wp-json\/wp\/v2\/product"}],"about":[{"href":"https:\/\/cipele.ba\/en\/wp-json\/wp\/v2\/types\/product"}],"wp:featuredmedia":[{"embeddable":true,"href":"https:\/\/cipele.ba\/en\/wp-json\/wp\/v2\/media\/33009"}],"wp:attachment":[{"href":"https:\/\/cipele.ba\/en\/wp-json\/wp\/v2\/media?parent=33010"}],"wp:term":[{"taxonomy":"product_brand","embeddable":true,"href":"https:\/\/cipele.ba\/en\/wp-json\/wp\/v2\/product_brand?post=33010"},{"taxonomy":"product_cat","embeddable":true,"href":"https:\/\/cipele.ba\/en\/wp-json\/wp\/v2\/product_cat?post=33010"},{"taxonomy":"product_tag","embeddable":true,"href":"https:\/\/cipele.ba\/en\/wp-json\/wp\/v2\/product_tag?post=33010"}],"curies":[{"name":"wp","href":"https:\/\/api.w.org\/{rel}","templated":true}]}}