{"id":33049,"date":"2025-11-06T19:50:11","date_gmt":"2025-11-06T19:50:11","guid":{"rendered":"https:\/\/cipele.ba\/shop\/uncategorized\/mertens-kozne-muske-patike-3\/"},"modified":"2026-04-27T22:47:48","modified_gmt":"2026-04-27T22:47:48","slug":"mertens-kozne-muske-patike-3","status":"publish","type":"product","link":"https:\/\/cipele.ba\/en\/shop\/muskarci\/muske-patike\/mertens-kozne-muske-patike-3\/","title":{"rendered":"Mertens &#8211; Ko\u017ene Mu\u0161ke Patike"},"content":{"rendered":"<p>Karakteristike proizvodaNajnoviji trendovi sezone odra\u017eavaju se u fleksibilnim patikama na vezanje, koje \u0107e biti najstilizovaniji izbor za mu\u0161karce koji \u017eele podi\u0107i svoj izgled na upe\u010datljiv nivo. Sa svojim dizajnerskim linijama i Air Zoom \u0111onom, istaknu\u0107e va\u0161e le\u017eerne kombinacije i u\u010diniti ih jo\u0161 atraktivnijim.<\/p>","protected":false},"excerpt":{"rendered":"<p>Karakteristike proizvodaNajnoviji trendovi sezone odra\u017eavaju se u fleksibilnim patikama na vezanje, koje \u0107e biti najstilizovaniji izbor za mu\u0161karce koji \u017eele podi\u0107i svoj izgled na upe\u010datljiv nivo. Sa svojim dizajnerskim linijama i Air Zoom \u0111onom, istaknu\u0107e va\u0161e le\u017eerne kombinacije i u\u010diniti ih jo\u0161 atraktivnijim.<\/p>","protected":false},"featured_media":33046,"template":"","meta":{"jetpack_post_was_ever_published":false},"product_brand":[113],"product_cat":[67],"product_tag":[],"class_list":{"0":"post-33049","1":"product","2":"type-product","3":"status-publish","4":"has-post-thumbnail","6":"product_brand-patix","7":"product_cat-muske-patike","9":"first","10":"instock","11":"sale","12":"shipping-taxable","13":"product-type-external"},"jetpack-related-posts":[],"jetpack_sharing_enabled":true,"_links":{"self":[{"href":"https:\/\/cipele.ba\/en\/wp-json\/wp\/v2\/product\/33049","targetHints":{"allow":["GET"]}}],"collection":[{"href":"https:\/\/cipele.ba\/en\/wp-json\/wp\/v2\/product"}],"about":[{"href":"https:\/\/cipele.ba\/en\/wp-json\/wp\/v2\/types\/product"}],"wp:featuredmedia":[{"embeddable":true,"href":"https:\/\/cipele.ba\/en\/wp-json\/wp\/v2\/media\/33046"}],"wp:attachment":[{"href":"https:\/\/cipele.ba\/en\/wp-json\/wp\/v2\/media?parent=33049"}],"wp:term":[{"taxonomy":"product_brand","embeddable":true,"href":"https:\/\/cipele.ba\/en\/wp-json\/wp\/v2\/product_brand?post=33049"},{"taxonomy":"product_cat","embeddable":true,"href":"https:\/\/cipele.ba\/en\/wp-json\/wp\/v2\/product_cat?post=33049"},{"taxonomy":"product_tag","embeddable":true,"href":"https:\/\/cipele.ba\/en\/wp-json\/wp\/v2\/product_tag?post=33049"}],"curies":[{"name":"wp","href":"https:\/\/api.w.org\/{rel}","templated":true}]}}