{"id":33078,"date":"2025-11-06T19:50:25","date_gmt":"2025-11-06T19:50:25","guid":{"rendered":"https:\/\/cipele.ba\/shop\/uncategorized\/parma-kozne-muske-patike-3\/"},"modified":"2026-04-19T03:40:48","modified_gmt":"2026-04-19T03:40:48","slug":"parma-kozne-muske-patike-3","status":"publish","type":"product","link":"https:\/\/cipele.ba\/en\/shop\/muskarci\/muske-patike\/parma-kozne-muske-patike-3\/","title":{"rendered":"Parma &#8211; Ko\u017ene Mu\u0161ke Patike"},"content":{"rendered":"<p>Debele \u0111on patike za svaki dan idealne su za podizanje va\u0161eg stila. Ako volite sportske detalje \u010dak i u klasi\u010dnim maskulinim kombinacijama, ovaj model \u0107e vam se sigurno svidjeti.\u00a0 \u00a0 \u00a0 \u00a0 \u00a0 \u00a0 \u00a0 \u00a0 \u00a0 \u00a0 \u00a0 \u00a0 \u00a0 \u00a0 \u00a0 \u00a0 \u00a0 \u00a0 \u00a0 \u00a0 \u00a0 \u00a0 \u00a0 \u00a0 \u00a0 \u00a0 \u00a0 \u00a0 \u00a0 \u00a0 \u00a0 \u00a0 \u00a0 \u00a0 \u00a0 \u00a0 \u00a0 \u00a0 \u00a0 \u00a0 \u00a0 \u00a0 \u00a0 \u00a0 \u00a0 \u00a0 \u00a0 \u00a0<br \/>\nKarakteristike proizvoda<br \/>\nStil odijevanja: Svakodnevni\/Casual<br \/>\nDezen: Blok boja<br \/>\nMaterijal: Prava ko\u017ea i antilop<br \/>\nVrsta kop\u010danja: Na vezanje<br \/>\n\u0110on: Guma<br \/>\nDebljina \u0111ona: 4 cm<\/p>","protected":false},"excerpt":{"rendered":"<p>Debele \u0111on patike za svaki dan idealne su za podizanje va\u0161eg stila. Ako volite sportske detalje \u010dak i u klasi\u010dnim maskulinim kombinacijama, ovaj model \u0107e vam se sigurno svidjeti.\u00a0 \u00a0 \u00a0 \u00a0 \u00a0 \u00a0 \u00a0 \u00a0 \u00a0 \u00a0 \u00a0 \u00a0 \u00a0 \u00a0 \u00a0 \u00a0 \u00a0 \u00a0 \u00a0 \u00a0 \u00a0 \u00a0 \u00a0 \u00a0 \u00a0 \u00a0 \u00a0 [&hellip;]<\/p>","protected":false},"featured_media":33076,"template":"","meta":{"jetpack_post_was_ever_published":false},"product_brand":[113],"product_cat":[67],"product_tag":[],"class_list":{"0":"post-33078","1":"product","2":"type-product","3":"status-publish","4":"has-post-thumbnail","6":"product_brand-patix","7":"product_cat-muske-patike","9":"first","10":"instock","11":"sale","12":"shipping-taxable","13":"product-type-external"},"jetpack-related-posts":[],"jetpack_sharing_enabled":true,"_links":{"self":[{"href":"https:\/\/cipele.ba\/en\/wp-json\/wp\/v2\/product\/33078","targetHints":{"allow":["GET"]}}],"collection":[{"href":"https:\/\/cipele.ba\/en\/wp-json\/wp\/v2\/product"}],"about":[{"href":"https:\/\/cipele.ba\/en\/wp-json\/wp\/v2\/types\/product"}],"wp:featuredmedia":[{"embeddable":true,"href":"https:\/\/cipele.ba\/en\/wp-json\/wp\/v2\/media\/33076"}],"wp:attachment":[{"href":"https:\/\/cipele.ba\/en\/wp-json\/wp\/v2\/media?parent=33078"}],"wp:term":[{"taxonomy":"product_brand","embeddable":true,"href":"https:\/\/cipele.ba\/en\/wp-json\/wp\/v2\/product_brand?post=33078"},{"taxonomy":"product_cat","embeddable":true,"href":"https:\/\/cipele.ba\/en\/wp-json\/wp\/v2\/product_cat?post=33078"},{"taxonomy":"product_tag","embeddable":true,"href":"https:\/\/cipele.ba\/en\/wp-json\/wp\/v2\/product_tag?post=33078"}],"curies":[{"name":"wp","href":"https:\/\/api.w.org\/{rel}","templated":true}]}}