{"id":33134,"date":"2025-11-06T19:50:52","date_gmt":"2025-11-06T19:50:52","guid":{"rendered":"https:\/\/cipele.ba\/shop\/uncategorized\/verona-prozracne-pletene-tenisice-3\/"},"modified":"2026-04-18T02:44:32","modified_gmt":"2026-04-18T02:44:32","slug":"verona-prozracne-pletene-tenisice-3","status":"publish","type":"product","link":"https:\/\/cipele.ba\/en\/shop\/muskarci\/muske-patike\/verona-prozracne-pletene-tenisice-3\/","title":{"rendered":"Verona &#8211; Prozra\u010dne Pletene Tenisice."},"content":{"rendered":"","protected":false},"excerpt":{"rendered":"<p>Verona &#8211; Prozra\u010dne pletene tenisice.Vanjski materijal: 100% antibakterijska trikota\u017ea i prava ko\u017eaUnutra\u0161nji materijal: 100% antibakterijska trikota\u017ea i prava ko\u017ea\u0110on: mekani gumeni \u0111on visina : 3,5 cm<\/p>","protected":false},"featured_media":33132,"template":"","meta":{"jetpack_post_was_ever_published":false},"product_brand":[113],"product_cat":[67],"product_tag":[],"class_list":{"0":"post-33134","1":"product","2":"type-product","3":"status-publish","4":"has-post-thumbnail","6":"product_brand-patix","7":"product_cat-muske-patike","9":"first","10":"instock","11":"sale","12":"shipping-taxable","13":"product-type-external"},"jetpack-related-posts":[],"jetpack_sharing_enabled":true,"_links":{"self":[{"href":"https:\/\/cipele.ba\/en\/wp-json\/wp\/v2\/product\/33134","targetHints":{"allow":["GET"]}}],"collection":[{"href":"https:\/\/cipele.ba\/en\/wp-json\/wp\/v2\/product"}],"about":[{"href":"https:\/\/cipele.ba\/en\/wp-json\/wp\/v2\/types\/product"}],"wp:featuredmedia":[{"embeddable":true,"href":"https:\/\/cipele.ba\/en\/wp-json\/wp\/v2\/media\/33132"}],"wp:attachment":[{"href":"https:\/\/cipele.ba\/en\/wp-json\/wp\/v2\/media?parent=33134"}],"wp:term":[{"taxonomy":"product_brand","embeddable":true,"href":"https:\/\/cipele.ba\/en\/wp-json\/wp\/v2\/product_brand?post=33134"},{"taxonomy":"product_cat","embeddable":true,"href":"https:\/\/cipele.ba\/en\/wp-json\/wp\/v2\/product_cat?post=33134"},{"taxonomy":"product_tag","embeddable":true,"href":"https:\/\/cipele.ba\/en\/wp-json\/wp\/v2\/product_tag?post=33134"}],"curies":[{"name":"wp","href":"https:\/\/api.w.org\/{rel}","templated":true}]}}