{"id":33699,"date":"2025-11-10T06:30:16","date_gmt":"2025-11-10T06:30:16","guid":{"rendered":"https:\/\/cipele.ba\/shop\/uncategorized\/ps1-decorated-ankle-boots-on-flat-heels-eco-suede-insulated-brown-ellieo\/"},"modified":"2026-04-18T19:19:51","modified_gmt":"2026-04-18T19:19:51","slug":"ps1-decorated-ankle-boots-on-flat-heels-eco-suede-insulated-brown-ellieo","status":"publish","type":"product","link":"https:\/\/cipele.ba\/en\/shop\/zene\/zenske-gleznjace\/ps1-decorated-ankle-boots-on-flat-heels-eco-suede-insulated-brown-ellieo\/","title":{"rendered":"PS1 Decorated ankle boots on flat heels eco suede insulated brown Ellieo"},"content":{"rendered":"<p>Kaunistatud kingad, mis on valmistatud \u00f6kosiidist, on stiilne ja mugav valik jahedamateks p\u00e4evadeks. Madalal kontsal on need mugavad igap\u00e4evaseks kandmiseks. Need on kinni t\u00f5mmatud lukuga, mis lihtsustab nende jalga panemist ja eemaldamist. Siseosa on<\/p>","protected":false},"excerpt":{"rendered":"<p>Kaunistatud kingad, mis on valmistatud \u00f6kosiidist, on stiilne ja mugav valik jahedamateks p\u00e4evadeks. Madalal kontsal on need mugavad igap\u00e4evaseks kandmiseks. Need on kinni t\u00f5mmatud lukuga, mis lihtsustab nende jalga panemist ja eemaldamist. Siseosa on<\/p>","protected":false},"featured_media":33696,"template":"","meta":{"jetpack_post_was_ever_published":false},"product_brand":[114],"product_cat":[64],"product_tag":[],"class_list":{"0":"post-33699","1":"product","2":"type-product","3":"status-publish","4":"has-post-thumbnail","6":"product_brand-factcool","7":"product_cat-zenske-gleznjace","9":"first","10":"instock","11":"shipping-taxable","12":"product-type-external"},"jetpack-related-posts":[],"jetpack_sharing_enabled":true,"_links":{"self":[{"href":"https:\/\/cipele.ba\/en\/wp-json\/wp\/v2\/product\/33699","targetHints":{"allow":["GET"]}}],"collection":[{"href":"https:\/\/cipele.ba\/en\/wp-json\/wp\/v2\/product"}],"about":[{"href":"https:\/\/cipele.ba\/en\/wp-json\/wp\/v2\/types\/product"}],"wp:featuredmedia":[{"embeddable":true,"href":"https:\/\/cipele.ba\/en\/wp-json\/wp\/v2\/media\/33696"}],"wp:attachment":[{"href":"https:\/\/cipele.ba\/en\/wp-json\/wp\/v2\/media?parent=33699"}],"wp:term":[{"taxonomy":"product_brand","embeddable":true,"href":"https:\/\/cipele.ba\/en\/wp-json\/wp\/v2\/product_brand?post=33699"},{"taxonomy":"product_cat","embeddable":true,"href":"https:\/\/cipele.ba\/en\/wp-json\/wp\/v2\/product_cat?post=33699"},{"taxonomy":"product_tag","embeddable":true,"href":"https:\/\/cipele.ba\/en\/wp-json\/wp\/v2\/product_tag?post=33699"}],"curies":[{"name":"wp","href":"https:\/\/api.w.org\/{rel}","templated":true}]}}