{"id":33707,"date":"2025-11-10T06:30:19","date_gmt":"2025-11-10T06:30:19","guid":{"rendered":"https:\/\/cipele.ba\/shop\/uncategorized\/buty-damskie-skarpetkowe-orce-biale-dstreet\/"},"modified":"2026-04-18T12:45:55","modified_gmt":"2026-04-18T12:45:55","slug":"buty-damskie-skarpetkowe-orce-biale-dstreet","status":"publish","type":"product","link":"https:\/\/cipele.ba\/en\/shop\/zene\/zenske-gleznjace\/buty-damskie-skarpetkowe-orce-biale-dstreet\/","title":{"rendered":"Buty damskie skarpetkowe ORCE bia\u0142e Dstreet"},"content":{"rendered":"<p>Buty damskie skarpetkowe ORCE<br \/>\nStylowe i innowacyjne buty skarpetkowe z podwy\u017cszan\u0105 podeszw\u0105 to esencja miejskiej elegancji. Ich unikalna konstrukcja zapewnia komfortowe zak\u0142adanie bez potrzeby wi\u0105zania, idealne dla aktywnych i modnych. Doskona\u0142e dla tych<\/p>","protected":false},"excerpt":{"rendered":"<p>Buty damskie skarpetkowe ORCE Stylowe i innowacyjne buty skarpetkowe z podwy\u017cszan\u0105 podeszw\u0105 to esencja miejskiej elegancji. Ich unikalna konstrukcja zapewnia komfortowe zak\u0142adanie bez potrzeby wi\u0105zania, idealne dla aktywnych i modnych. Doskona\u0142e dla tych<\/p>","protected":false},"featured_media":33704,"template":"","meta":{"jetpack_post_was_ever_published":false},"product_brand":[114],"product_cat":[64],"product_tag":[],"class_list":{"0":"post-33707","1":"product","2":"type-product","3":"status-publish","4":"has-post-thumbnail","6":"product_brand-factcool","7":"product_cat-zenske-gleznjace","9":"first","10":"instock","11":"shipping-taxable","12":"product-type-external"},"jetpack-related-posts":[],"jetpack_sharing_enabled":true,"_links":{"self":[{"href":"https:\/\/cipele.ba\/en\/wp-json\/wp\/v2\/product\/33707","targetHints":{"allow":["GET"]}}],"collection":[{"href":"https:\/\/cipele.ba\/en\/wp-json\/wp\/v2\/product"}],"about":[{"href":"https:\/\/cipele.ba\/en\/wp-json\/wp\/v2\/types\/product"}],"wp:featuredmedia":[{"embeddable":true,"href":"https:\/\/cipele.ba\/en\/wp-json\/wp\/v2\/media\/33704"}],"wp:attachment":[{"href":"https:\/\/cipele.ba\/en\/wp-json\/wp\/v2\/media?parent=33707"}],"wp:term":[{"taxonomy":"product_brand","embeddable":true,"href":"https:\/\/cipele.ba\/en\/wp-json\/wp\/v2\/product_brand?post=33707"},{"taxonomy":"product_cat","embeddable":true,"href":"https:\/\/cipele.ba\/en\/wp-json\/wp\/v2\/product_cat?post=33707"},{"taxonomy":"product_tag","embeddable":true,"href":"https:\/\/cipele.ba\/en\/wp-json\/wp\/v2\/product_tag?post=33707"}],"curies":[{"name":"wp","href":"https:\/\/api.w.org\/{rel}","templated":true}]}}