{"id":33719,"date":"2025-11-10T06:30:25","date_gmt":"2025-11-10T06:30:25","guid":{"rendered":"https:\/\/cipele.ba\/shop\/uncategorized\/buty-damskie-elisa-bezowe-dstreet\/"},"modified":"2026-04-19T01:19:46","modified_gmt":"2026-04-19T01:19:46","slug":"buty-damskie-elisa-bezowe-dstreet","status":"publish","type":"product","link":"https:\/\/cipele.ba\/en\/shop\/zene\/zenske-gleznjace\/buty-damskie-elisa-bezowe-dstreet\/","title":{"rendered":"Buty damskie ELISA be\u017cowe Dstreet"},"content":{"rendered":"<p>Buty ELISA<br \/>\nModel z mi\u0119kkiego materia\u0142u na gumowej podeszwie to fantastyczne uzupe\u0142nienie wielu codziennych stylizacji. Bez w\u0105tpienia zaprezentuj\u0105 si\u0119 modnie, przy czym zapewni\u0105 komfort i wygod\u0119 w ka\u017cdej sytuacji. Element ozdobny stanowi z\u0142oty \u0142a\u0144cuch,<\/p>","protected":false},"excerpt":{"rendered":"<p>Buty ELISA Model z mi\u0119kkiego materia\u0142u na gumowej podeszwie to fantastyczne uzupe\u0142nienie wielu codziennych stylizacji. Bez w\u0105tpienia zaprezentuj\u0105 si\u0119 modnie, przy czym zapewni\u0105 komfort i wygod\u0119 w ka\u017cdej sytuacji. Element ozdobny stanowi z\u0142oty \u0142a\u0144cuch,<\/p>","protected":false},"featured_media":33718,"template":"","meta":{"jetpack_post_was_ever_published":false},"product_brand":[114],"product_cat":[64],"product_tag":[],"class_list":{"0":"post-33719","1":"product","2":"type-product","3":"status-publish","4":"has-post-thumbnail","6":"product_brand-factcool","7":"product_cat-zenske-gleznjace","9":"first","10":"instock","11":"sale","12":"shipping-taxable","13":"product-type-external"},"jetpack-related-posts":[],"jetpack_sharing_enabled":true,"_links":{"self":[{"href":"https:\/\/cipele.ba\/en\/wp-json\/wp\/v2\/product\/33719","targetHints":{"allow":["GET"]}}],"collection":[{"href":"https:\/\/cipele.ba\/en\/wp-json\/wp\/v2\/product"}],"about":[{"href":"https:\/\/cipele.ba\/en\/wp-json\/wp\/v2\/types\/product"}],"wp:featuredmedia":[{"embeddable":true,"href":"https:\/\/cipele.ba\/en\/wp-json\/wp\/v2\/media\/33718"}],"wp:attachment":[{"href":"https:\/\/cipele.ba\/en\/wp-json\/wp\/v2\/media?parent=33719"}],"wp:term":[{"taxonomy":"product_brand","embeddable":true,"href":"https:\/\/cipele.ba\/en\/wp-json\/wp\/v2\/product_brand?post=33719"},{"taxonomy":"product_cat","embeddable":true,"href":"https:\/\/cipele.ba\/en\/wp-json\/wp\/v2\/product_cat?post=33719"},{"taxonomy":"product_tag","embeddable":true,"href":"https:\/\/cipele.ba\/en\/wp-json\/wp\/v2\/product_tag?post=33719"}],"curies":[{"name":"wp","href":"https:\/\/api.w.org\/{rel}","templated":true}]}}