{"id":33729,"date":"2025-11-10T06:30:33","date_gmt":"2025-11-10T06:30:33","guid":{"rendered":"https:\/\/cipele.ba\/shop\/uncategorized\/zenske-gleznjace-kesi-dorchen\/"},"modified":"2026-04-18T16:48:22","modified_gmt":"2026-04-18T16:48:22","slug":"zenske-gleznjace-kesi-dorchen","status":"publish","type":"product","link":"https:\/\/cipele.ba\/en\/shop\/zene\/zenske-gleznjace\/zenske-gleznjace-kesi-dorchen\/","title":{"rendered":"\u017denske gle\u017enja\u010de Kesi Dorchen"},"content":{"rendered":"","protected":false},"excerpt":{"rendered":"<p>\u017denske gle\u017enja\u010de Kesi Dorchen. Sizes 36, 37, 38, 39, 40, 41. Cijena 64.7. Available<\/p>","protected":false},"featured_media":33728,"template":"","meta":{"jetpack_post_was_ever_published":false},"product_brand":[114],"product_cat":[64],"product_tag":[],"class_list":{"0":"post-33729","1":"product","2":"type-product","3":"status-publish","4":"has-post-thumbnail","6":"product_brand-factcool","7":"product_cat-zenske-gleznjace","9":"first","10":"instock","11":"shipping-taxable","12":"product-type-external"},"jetpack-related-posts":[],"jetpack_sharing_enabled":true,"_links":{"self":[{"href":"https:\/\/cipele.ba\/en\/wp-json\/wp\/v2\/product\/33729","targetHints":{"allow":["GET"]}}],"collection":[{"href":"https:\/\/cipele.ba\/en\/wp-json\/wp\/v2\/product"}],"about":[{"href":"https:\/\/cipele.ba\/en\/wp-json\/wp\/v2\/types\/product"}],"wp:featuredmedia":[{"embeddable":true,"href":"https:\/\/cipele.ba\/en\/wp-json\/wp\/v2\/media\/33728"}],"wp:attachment":[{"href":"https:\/\/cipele.ba\/en\/wp-json\/wp\/v2\/media?parent=33729"}],"wp:term":[{"taxonomy":"product_brand","embeddable":true,"href":"https:\/\/cipele.ba\/en\/wp-json\/wp\/v2\/product_brand?post=33729"},{"taxonomy":"product_cat","embeddable":true,"href":"https:\/\/cipele.ba\/en\/wp-json\/wp\/v2\/product_cat?post=33729"},{"taxonomy":"product_tag","embeddable":true,"href":"https:\/\/cipele.ba\/en\/wp-json\/wp\/v2\/product_tag?post=33729"}],"curies":[{"name":"wp","href":"https:\/\/api.w.org\/{rel}","templated":true}]}}