{"id":33731,"date":"2025-11-10T06:30:34","date_gmt":"2025-11-10T06:30:34","guid":{"rendered":"https:\/\/cipele.ba\/shop\/uncategorized\/buty-damskie-nensy-czarne-dstreet\/"},"modified":"2026-04-18T11:05:16","modified_gmt":"2026-04-18T11:05:16","slug":"buty-damskie-nensy-czarne-dstreet","status":"publish","type":"product","link":"https:\/\/cipele.ba\/en\/shop\/zene\/zenske-gleznjace\/buty-damskie-nensy-czarne-dstreet\/","title":{"rendered":"Buty damskie NENSY czarne Dstreet"},"content":{"rendered":"<p>Buty NENSY<br \/>\nModel z mi\u0119kkiego materia\u0142u na gumowej podeszwie to fantastyczne uzupe\u0142nienie wielu codziennych stylizacji. Bez w\u0105tpienia zaprezentuj\u0105 si\u0119 modnie, przy czym zapewni\u0105 komfort i wygod\u0119 w ka\u017cdej sytuacji. Efektownie wygl\u0105daj\u0105ce wi\u0105zania dodaj\u0105<\/p>","protected":false},"excerpt":{"rendered":"<p>Buty NENSY Model z mi\u0119kkiego materia\u0142u na gumowej podeszwie to fantastyczne uzupe\u0142nienie wielu codziennych stylizacji. Bez w\u0105tpienia zaprezentuj\u0105 si\u0119 modnie, przy czym zapewni\u0105 komfort i wygod\u0119 w ka\u017cdej sytuacji. Efektownie wygl\u0105daj\u0105ce wi\u0105zania dodaj\u0105<\/p>","protected":false},"featured_media":33730,"template":"","meta":{"jetpack_post_was_ever_published":false},"product_brand":[114],"product_cat":[64],"product_tag":[],"class_list":{"0":"post-33731","1":"product","2":"type-product","3":"status-publish","4":"has-post-thumbnail","6":"product_brand-factcool","7":"product_cat-zenske-gleznjace","9":"first","10":"instock","11":"shipping-taxable","12":"product-type-external"},"jetpack-related-posts":[],"jetpack_sharing_enabled":true,"_links":{"self":[{"href":"https:\/\/cipele.ba\/en\/wp-json\/wp\/v2\/product\/33731","targetHints":{"allow":["GET"]}}],"collection":[{"href":"https:\/\/cipele.ba\/en\/wp-json\/wp\/v2\/product"}],"about":[{"href":"https:\/\/cipele.ba\/en\/wp-json\/wp\/v2\/types\/product"}],"wp:featuredmedia":[{"embeddable":true,"href":"https:\/\/cipele.ba\/en\/wp-json\/wp\/v2\/media\/33730"}],"wp:attachment":[{"href":"https:\/\/cipele.ba\/en\/wp-json\/wp\/v2\/media?parent=33731"}],"wp:term":[{"taxonomy":"product_brand","embeddable":true,"href":"https:\/\/cipele.ba\/en\/wp-json\/wp\/v2\/product_brand?post=33731"},{"taxonomy":"product_cat","embeddable":true,"href":"https:\/\/cipele.ba\/en\/wp-json\/wp\/v2\/product_cat?post=33731"},{"taxonomy":"product_tag","embeddable":true,"href":"https:\/\/cipele.ba\/en\/wp-json\/wp\/v2\/product_tag?post=33731"}],"curies":[{"name":"wp","href":"https:\/\/api.w.org\/{rel}","templated":true}]}}