{"id":33743,"date":"2025-11-10T06:30:42","date_gmt":"2025-11-10T06:30:42","guid":{"rendered":"https:\/\/cipele.ba\/shop\/uncategorized\/crne-zenske-gleznjace-carrera\/"},"modified":"2026-04-19T04:55:25","modified_gmt":"2026-04-19T04:55:25","slug":"crne-zenske-gleznjace-carrera","status":"publish","type":"product","link":"https:\/\/cipele.ba\/en\/shop\/zene\/zenske-gleznjace\/crne-zenske-gleznjace-carrera\/","title":{"rendered":"Crne \u017eenske gle\u017enja\u010de Carrera"},"content":{"rendered":"","protected":false},"excerpt":{"rendered":"<p>Elegantne Carrera \u010dizme do gle\u017enja od crne ko\u017ee, idealne za hladne dane. Udobne i izdr\u017eljive, pogodne za svakodnevno no\u0161enje.<\/p>","protected":false},"featured_media":33738,"template":"","meta":{"jetpack_post_was_ever_published":false},"product_brand":[114],"product_cat":[64],"product_tag":[],"class_list":{"0":"post-33743","1":"product","2":"type-product","3":"status-publish","4":"has-post-thumbnail","6":"product_brand-factcool","7":"product_cat-zenske-gleznjace","9":"first","10":"instock","11":"sale","12":"shipping-taxable","13":"product-type-external"},"jetpack-related-posts":[],"jetpack_sharing_enabled":true,"_links":{"self":[{"href":"https:\/\/cipele.ba\/en\/wp-json\/wp\/v2\/product\/33743","targetHints":{"allow":["GET"]}}],"collection":[{"href":"https:\/\/cipele.ba\/en\/wp-json\/wp\/v2\/product"}],"about":[{"href":"https:\/\/cipele.ba\/en\/wp-json\/wp\/v2\/types\/product"}],"wp:featuredmedia":[{"embeddable":true,"href":"https:\/\/cipele.ba\/en\/wp-json\/wp\/v2\/media\/33738"}],"wp:attachment":[{"href":"https:\/\/cipele.ba\/en\/wp-json\/wp\/v2\/media?parent=33743"}],"wp:term":[{"taxonomy":"product_brand","embeddable":true,"href":"https:\/\/cipele.ba\/en\/wp-json\/wp\/v2\/product_brand?post=33743"},{"taxonomy":"product_cat","embeddable":true,"href":"https:\/\/cipele.ba\/en\/wp-json\/wp\/v2\/product_cat?post=33743"},{"taxonomy":"product_tag","embeddable":true,"href":"https:\/\/cipele.ba\/en\/wp-json\/wp\/v2\/product_tag?post=33743"}],"curies":[{"name":"wp","href":"https:\/\/api.w.org\/{rel}","templated":true}]}}