{"id":34449,"date":"2025-11-10T08:32:42","date_gmt":"2025-11-10T08:32:42","guid":{"rendered":"https:\/\/cipele.ba\/shop\/uncategorized\/brendirana-odjeca-i-obuca-za-zene-i-muskarce-odjeca-factcool\/"},"modified":"2026-04-19T01:10:51","modified_gmt":"2026-04-19T01:10:51","slug":"brendirana-odjeca-i-obuca-za-zene-i-muskarce-odjeca-factcool","status":"publish","type":"product","link":"https:\/\/cipele.ba\/en\/shop\/zene\/zenske-patike\/brendirana-odjeca-i-obuca-za-zene-i-muskarce-odjeca-factcool\/","title":{"rendered":"Brendirana odje\u0107a i obu\u0107a za \u017eene i mu\u0161karce | Odje\u0107a Factcool"},"content":{"rendered":"<p>S973017604 White\/fuchsia Fabric Sports Shoes Sneakers Material: Fabric Sole: Ready-made Sole Heel Height: 5 cm Our products are handcrafted in Turkey. Inner Mold Measurement from Toe to Heel: Number 35, 22.5 cm \/ Number 36; 23 cm \/ Size 37 23.5 cm \/ Size<\/p>","protected":false},"excerpt":{"rendered":"<p>S973017604 White\/fuchsia Fabric Sports Shoes Sneakers Material: Fabric Sole: Ready-made Sole Heel Height: 5 cm Our products are handcrafted in Turkey. Inner Mold Measurement from Toe to Heel: Number 35, 22.5 cm \/ Number 36; 23 cm \/ Size 37 23.5 cm \/ Size<\/p>","protected":false},"featured_media":34446,"template":"","meta":{"jetpack_post_was_ever_published":false},"product_brand":[114],"product_cat":[63],"product_tag":[],"class_list":{"0":"post-34449","1":"product","2":"type-product","3":"status-publish","4":"has-post-thumbnail","6":"product_brand-factcool","7":"product_cat-zenske-patike","9":"first","10":"instock","11":"sale","12":"shipping-taxable","13":"product-type-external"},"jetpack-related-posts":[],"jetpack_sharing_enabled":true,"_links":{"self":[{"href":"https:\/\/cipele.ba\/en\/wp-json\/wp\/v2\/product\/34449","targetHints":{"allow":["GET"]}}],"collection":[{"href":"https:\/\/cipele.ba\/en\/wp-json\/wp\/v2\/product"}],"about":[{"href":"https:\/\/cipele.ba\/en\/wp-json\/wp\/v2\/types\/product"}],"wp:featuredmedia":[{"embeddable":true,"href":"https:\/\/cipele.ba\/en\/wp-json\/wp\/v2\/media\/34446"}],"wp:attachment":[{"href":"https:\/\/cipele.ba\/en\/wp-json\/wp\/v2\/media?parent=34449"}],"wp:term":[{"taxonomy":"product_brand","embeddable":true,"href":"https:\/\/cipele.ba\/en\/wp-json\/wp\/v2\/product_brand?post=34449"},{"taxonomy":"product_cat","embeddable":true,"href":"https:\/\/cipele.ba\/en\/wp-json\/wp\/v2\/product_cat?post=34449"},{"taxonomy":"product_tag","embeddable":true,"href":"https:\/\/cipele.ba\/en\/wp-json\/wp\/v2\/product_tag?post=34449"}],"curies":[{"name":"wp","href":"https:\/\/api.w.org\/{rel}","templated":true}]}}